{"id":1495,"date":"2021-09-01T12:56:38","date_gmt":"2021-09-01T12:56:38","guid":{"rendered":"http:\/\/rendering-ogk.si\/?page_id=1495"},"modified":"2021-09-06T07:03:08","modified_gmt":"2021-09-06T07:03:08","slug":"o-nas","status":"publish","type":"page","link":"https:\/\/rendering-ogk.si\/?page_id=1495","title":{"rendered":"O nas"},"content":{"rendered":"\t\t<div data-elementor-type=\"wp-page\" data-elementor-id=\"1495\" class=\"elementor elementor-1495\" data-elementor-settings=\"[]\">\n\t\t\t\t\t\t\t<div class=\"elementor-section-wrap\">\n\t\t\t\t\t\t\t<section class=\"elementor-section elementor-top-section elementor-element elementor-element-87e1e56 elementor-section-boxed elementor-section-height-default elementor-section-height-default\" data-id=\"87e1e56\" data-element_type=\"section\">\n\t\t\t\t\t\t<div class=\"elementor-container elementor-column-gap-default\">\n\t\t\t\t\t<div class=\"elementor-column elementor-col-100 elementor-top-column elementor-element elementor-element-e825da8\" data-id=\"e825da8\" data-element_type=\"column\">\n\t\t\t<div class=\"elementor-widget-wrap elementor-element-populated\">\n\t\t\t\t\t\t\t\t<div class=\"elementor-element elementor-element-056c82a elementor-widget elementor-widget-text-editor\" data-id=\"056c82a\" data-element_type=\"widget\" data-widget_type=\"text-editor.default\">\n\t\t\t\t<div class=\"elementor-widget-container\">\n\t\t\t\t\t\t\t<p><br \/>V podjetju Ograje Ko\u010devar zagotavljamo celovite re\u0161itve na podro\u010dju ograjnih sistemov. Ustvarjamo zasebne in varne prostore za bivanje, varujemo premo\u017eenje in ljudi. Smo prvi slovenski proizvajalec in najve\u010dji ponudnik ograjnih sistemov. Na\u0161e re\u0161itve zagotavljajo varnost, estetsko dovr\u0161enost, vizualno zaporo in protihrupno za\u0161\u010dito ljudem, bivalnim, poslovnim in industrijskim objektom.<\/p>\t\t\t\t\t\t<\/div>\n\t\t\t\t<\/div>\n\t\t\t\t\t<\/div>\n\t\t<\/div>\n\t\t\t\t\t\t\t<\/div>\n\t\t<\/section>\n\t\t\t\t<section class=\"elementor-section elementor-top-section elementor-element elementor-element-488a1fa elementor-section-boxed elementor-section-height-default elementor-section-height-default\" data-id=\"488a1fa\" data-element_type=\"section\">\n\t\t\t\t\t\t<div class=\"elementor-container elementor-column-gap-default\">\n\t\t\t\t\t<div class=\"elementor-column elementor-col-100 elementor-top-column elementor-element elementor-element-8e7e43b\" data-id=\"8e7e43b\" data-element_type=\"column\">\n\t\t\t<div class=\"elementor-widget-wrap elementor-element-populated\">\n\t\t\t\t\t\t\t\t<section class=\"elementor-section elementor-inner-section elementor-element elementor-element-d909da3 elementor-section-boxed elementor-section-height-default elementor-section-height-default\" data-id=\"d909da3\" data-element_type=\"section\">\n\t\t\t\t\t\t<div class=\"elementor-container elementor-column-gap-default\">\n\t\t\t\t\t<div class=\"elementor-column elementor-col-50 elementor-inner-column elementor-element elementor-element-70d4f04\" data-id=\"70d4f04\" data-element_type=\"column\">\n\t\t\t<div class=\"elementor-widget-wrap elementor-element-populated\">\n\t\t\t\t\t\t\t\t<div class=\"elementor-element elementor-element-c8cc747 elementor-widget elementor-widget-image\" data-id=\"c8cc747\" data-element_type=\"widget\" data-widget_type=\"image.default\">\n\t\t\t\t<div class=\"elementor-widget-container\">\n\t\t\t\t\t\t\t\t\t\t\t\t\t\t\t<img width=\"950\" height=\"669\" src=\"https:\/\/rendering-ogk.si\/wp-content\/uploads\/2021\/09\/Potem-13.png\" class=\"attachment-large size-large\" alt=\"\" loading=\"lazy\" srcset=\"https:\/\/rendering-ogk.si\/wp-content\/uploads\/2021\/09\/Potem-13.png 992w, https:\/\/rendering-ogk.si\/wp-content\/uploads\/2021\/09\/Potem-13-300x211.png 300w, https:\/\/rendering-ogk.si\/wp-content\/uploads\/2021\/09\/Potem-13-768x541.png 768w\" sizes=\"100vw\" \/>\t\t\t\t\t\t\t\t\t\t\t\t\t\t\t<\/div>\n\t\t\t\t<\/div>\n\t\t\t\t\t<\/div>\n\t\t<\/div>\n\t\t\t\t<div class=\"elementor-column elementor-col-50 elementor-inner-column elementor-element elementor-element-35ae273\" data-id=\"35ae273\" data-element_type=\"column\">\n\t\t\t<div class=\"elementor-widget-wrap elementor-element-populated\">\n\t\t\t\t\t\t\t\t<div class=\"elementor-element elementor-element-60fc3f9 elementor-widget elementor-widget-heading\" data-id=\"60fc3f9\" data-element_type=\"widget\" data-widget_type=\"heading.default\">\n\t\t\t\t<div class=\"elementor-widget-container\">\n\t\t\t<h2 class=\"elementor-heading-title elementor-size-default\">Izku\u0161nje<\/h2>\t\t<\/div>\n\t\t\t\t<\/div>\n\t\t\t\t<div class=\"elementor-element elementor-element-77c5733 elementor-widget elementor-widget-text-editor\" data-id=\"77c5733\" data-element_type=\"widget\" data-widget_type=\"text-editor.default\">\n\t\t\t\t<div class=\"elementor-widget-container\">\n\t\t\t\t\t\t\t<p class=\"tbk__subtitle\">V podjetju Ograje Ko\u010devar \u017ee ve\u010d kot 15 let izdelujemo ograje in ograjna vrata vrhunske kakovosti in designa, ki so v celoti plod lastnega znanja in razvoja.<\/p>\t\t\t\t\t\t<\/div>\n\t\t\t\t<\/div>\n\t\t\t\t\t<\/div>\n\t\t<\/div>\n\t\t\t\t\t\t\t<\/div>\n\t\t<\/section>\n\t\t\t\t\t<\/div>\n\t\t<\/div>\n\t\t\t\t\t\t\t<\/div>\n\t\t<\/section>\n\t\t\t\t<section class=\"elementor-section elementor-top-section elementor-element elementor-element-14aa403 elementor-section-boxed elementor-section-height-default elementor-section-height-default\" data-id=\"14aa403\" data-element_type=\"section\">\n\t\t\t\t\t\t<div class=\"elementor-container elementor-column-gap-default\">\n\t\t\t\t\t<div class=\"elementor-column elementor-col-100 elementor-top-column elementor-element elementor-element-95f3d7e\" data-id=\"95f3d7e\" data-element_type=\"column\">\n\t\t\t<div class=\"elementor-widget-wrap elementor-element-populated\">\n\t\t\t\t\t\t\t\t<section class=\"elementor-section elementor-inner-section elementor-element elementor-element-b65ada6 elementor-section-boxed elementor-section-height-default elementor-section-height-default\" data-id=\"b65ada6\" data-element_type=\"section\">\n\t\t\t\t\t\t<div class=\"elementor-container elementor-column-gap-default\">\n\t\t\t\t\t<div class=\"elementor-column elementor-col-50 elementor-inner-column elementor-element elementor-element-b574af2\" data-id=\"b574af2\" data-element_type=\"column\">\n\t\t\t<div class=\"elementor-widget-wrap elementor-element-populated\">\n\t\t\t\t\t\t\t\t<div class=\"elementor-element elementor-element-0075280 elementor-widget elementor-widget-image\" data-id=\"0075280\" data-element_type=\"widget\" data-widget_type=\"image.default\">\n\t\t\t\t<div class=\"elementor-widget-container\">\n\t\t\t\t\t\t\t\t\t\t\t\t\t\t\t<img width=\"950\" height=\"646\" src=\"https:\/\/rendering-ogk.si\/wp-content\/uploads\/2021\/09\/Prej-0-1024x696.png\" class=\"attachment-large size-large\" alt=\"\" loading=\"lazy\" srcset=\"https:\/\/rendering-ogk.si\/wp-content\/uploads\/2021\/09\/Prej-0-1024x696.png 1024w, https:\/\/rendering-ogk.si\/wp-content\/uploads\/2021\/09\/Prej-0-300x204.png 300w, https:\/\/rendering-ogk.si\/wp-content\/uploads\/2021\/09\/Prej-0-768x522.png 768w, https:\/\/rendering-ogk.si\/wp-content\/uploads\/2021\/09\/Prej-0.png 1200w\" sizes=\"100vw\" \/>\t\t\t\t\t\t\t\t\t\t\t\t\t\t\t<\/div>\n\t\t\t\t<\/div>\n\t\t\t\t\t<\/div>\n\t\t<\/div>\n\t\t\t\t<div class=\"elementor-column elementor-col-50 elementor-inner-column elementor-element elementor-element-aebedb3\" data-id=\"aebedb3\" data-element_type=\"column\">\n\t\t\t<div class=\"elementor-widget-wrap elementor-element-populated\">\n\t\t\t\t\t\t\t\t<div class=\"elementor-element elementor-element-19b88c6 elementor-widget elementor-widget-heading\" data-id=\"19b88c6\" data-element_type=\"widget\" data-widget_type=\"heading.default\">\n\t\t\t\t<div class=\"elementor-widget-container\">\n\t\t\t<h2 class=\"elementor-heading-title elementor-size-default\">Reference<\/h2>\t\t<\/div>\n\t\t\t\t<\/div>\n\t\t\t\t<div class=\"elementor-element elementor-element-d68504c elementor-widget elementor-widget-text-editor\" data-id=\"d68504c\" data-element_type=\"widget\" data-widget_type=\"text-editor.default\">\n\t\t\t\t<div class=\"elementor-widget-container\">\n\t\t\t\t\t\t\t<p class=\"tbk__subtitle\">\u00a0Zagotavljamo celovito storitev, od na\u010drtovanja do izvedbe in monta\u017ee. Letno izdelamo preko 5500 ograjnih sistemov in montiramo preko 170 kilometrov ograj.\u00a0<\/p>\t\t\t\t\t\t<\/div>\n\t\t\t\t<\/div>\n\t\t\t\t\t<\/div>\n\t\t<\/div>\n\t\t\t\t\t\t\t<\/div>\n\t\t<\/section>\n\t\t\t\t\t<\/div>\n\t\t<\/div>\n\t\t\t\t\t\t\t<\/div>\n\t\t<\/section>\n\t\t\t\t<section class=\"elementor-section elementor-top-section elementor-element elementor-element-cb485f0 elementor-section-boxed elementor-section-height-default elementor-section-height-default\" data-id=\"cb485f0\" data-element_type=\"section\">\n\t\t\t\t\t\t<div class=\"elementor-container elementor-column-gap-default\">\n\t\t\t\t\t<div class=\"elementor-column elementor-col-100 elementor-top-column elementor-element elementor-element-24751fa\" data-id=\"24751fa\" data-element_type=\"column\">\n\t\t\t<div class=\"elementor-widget-wrap elementor-element-populated\">\n\t\t\t\t\t\t\t\t<section class=\"elementor-section elementor-inner-section elementor-element elementor-element-3001bfb elementor-section-boxed elementor-section-height-default elementor-section-height-default\" data-id=\"3001bfb\" data-element_type=\"section\">\n\t\t\t\t\t\t<div class=\"elementor-container elementor-column-gap-default\">\n\t\t\t\t\t<div class=\"elementor-column elementor-col-50 elementor-inner-column elementor-element elementor-element-180b6e1\" data-id=\"180b6e1\" data-element_type=\"column\">\n\t\t\t<div class=\"elementor-widget-wrap elementor-element-populated\">\n\t\t\t\t\t\t\t\t<div class=\"elementor-element elementor-element-4f21f10 elementor-widget elementor-widget-image\" data-id=\"4f21f10\" data-element_type=\"widget\" data-widget_type=\"image.default\">\n\t\t\t\t<div class=\"elementor-widget-container\">\n\t\t\t\t\t\t\t\t\t\t\t\t\t\t\t<img width=\"950\" height=\"634\" src=\"https:\/\/rendering-ogk.si\/wp-content\/uploads\/2021\/09\/Vzorec-4-1024x683.png\" class=\"attachment-large size-large\" alt=\"\" loading=\"lazy\" srcset=\"https:\/\/rendering-ogk.si\/wp-content\/uploads\/2021\/09\/Vzorec-4-1024x683.png 1024w, https:\/\/rendering-ogk.si\/wp-content\/uploads\/2021\/09\/Vzorec-4-300x200.png 300w, https:\/\/rendering-ogk.si\/wp-content\/uploads\/2021\/09\/Vzorec-4-768x513.png 768w, https:\/\/rendering-ogk.si\/wp-content\/uploads\/2021\/09\/Vzorec-4.png 1260w\" sizes=\"100vw\" \/>\t\t\t\t\t\t\t\t\t\t\t\t\t\t\t<\/div>\n\t\t\t\t<\/div>\n\t\t\t\t\t<\/div>\n\t\t<\/div>\n\t\t\t\t<div class=\"elementor-column elementor-col-50 elementor-inner-column elementor-element elementor-element-9059fee\" data-id=\"9059fee\" data-element_type=\"column\">\n\t\t\t<div class=\"elementor-widget-wrap elementor-element-populated\">\n\t\t\t\t\t\t\t\t<div class=\"elementor-element elementor-element-a9f16f8 elementor-widget elementor-widget-heading\" data-id=\"a9f16f8\" data-element_type=\"widget\" data-widget_type=\"heading.default\">\n\t\t\t\t<div class=\"elementor-widget-container\">\n\t\t\t<h2 class=\"elementor-heading-title elementor-size-default\">Kvaliteta<\/h2>\t\t<\/div>\n\t\t\t\t<\/div>\n\t\t\t\t<div class=\"elementor-element elementor-element-3416229 elementor-widget elementor-widget-text-editor\" data-id=\"3416229\" data-element_type=\"widget\" data-widget_type=\"text-editor.default\">\n\t\t\t\t<div class=\"elementor-widget-container\">\n\t\t\t\t\t\t\t<div class=\"kl-title-block clearfix tbk--text- tbk--center text-center tbk-symbol--  tbk-icon-pos--after-title eluid0829c5a1 \"><p class=\"tbk__subtitle\">Tiso\u010di zadovoljnih kupcev vsako leto potrjujejo na\u0161e poslanstvo \u2013 skrb za to, da je va\u0161 dom, prostor zares va\u0161 svet, ponos, va\u0161a varnost in zasebnost.<\/p><\/div><div id=\"eluid4ea2e9b1\" class=\"grid-ibx grid-ibx--cols-5 grid-ibx--md-cols-3 grid-ibx--sm-cols-2 grid-ibx--xs-cols-1 grid-ibx--style-lined-full grid-ibx--hover-bg eluid4ea2e9b1  grid-ibx--theme-light element-scheme--light grid-ibx__flt- znBoxShadow-1 znBoxShadow--hov-1 znBoxShadow--hover\"><div class=\"grid-ibx__inner\"><div class=\"grid-ibx__row clearfix\"><div class=\"grid-ibx__item  grid-ibx__item--type-img text-center grid-ibx__item-0\"><div class=\"grid-ibx__item-inner\">\u00a0<\/div><\/div><\/div><\/div><\/div>\t\t\t\t\t\t<\/div>\n\t\t\t\t<\/div>\n\t\t\t\t\t<\/div>\n\t\t<\/div>\n\t\t\t\t\t\t\t<\/div>\n\t\t<\/section>\n\t\t\t\t\t<\/div>\n\t\t<\/div>\n\t\t\t\t\t\t\t<\/div>\n\t\t<\/section>\n\t\t\t\t<section class=\"elementor-section elementor-top-section elementor-element elementor-element-7b4725c elementor-section-boxed elementor-section-height-default elementor-section-height-default\" data-id=\"7b4725c\" data-element_type=\"section\">\n\t\t\t\t\t\t<div class=\"elementor-container elementor-column-gap-default\">\n\t\t\t\t\t<div class=\"elementor-column elementor-col-100 elementor-top-column elementor-element elementor-element-97c0e1c\" data-id=\"97c0e1c\" data-element_type=\"column\">\n\t\t\t<div class=\"elementor-widget-wrap elementor-element-populated\">\n\t\t\t\t\t\t\t\t<div class=\"elementor-element elementor-element-e6ec9f0 elementor-widget elementor-widget-spacer\" data-id=\"e6ec9f0\" data-element_type=\"widget\" data-widget_type=\"spacer.default\">\n\t\t\t\t<div class=\"elementor-widget-container\">\n\t\t\t\t\t<div class=\"elementor-spacer\">\n\t\t\t<div class=\"elementor-spacer-inner\"><\/div>\n\t\t<\/div>\n\t\t\t\t<\/div>\n\t\t\t\t<\/div>\n\t\t\t\t<div class=\"elementor-element elementor-element-affc1c8 elementor-align-justify elementor-widget elementor-widget-button\" data-id=\"affc1c8\" data-element_type=\"widget\" data-widget_type=\"button.default\">\n\t\t\t\t<div class=\"elementor-widget-container\">\n\t\t\t\t\t<div class=\"elementor-button-wrapper\">\n\t\t\t<a href=\"http:\/\/rendering-ogk.si\/?page_id=1532\" class=\"elementor-button-link elementor-button elementor-size-md\" role=\"button\">\n\t\t\t\t\t\t<span class=\"elementor-button-content-wrapper\">\n\t\t\t\t\t\t<span class=\"elementor-button-text\">Zanima me ve\u010d<\/span>\n\t\t<\/span>\n\t\t\t\t\t<\/a>\n\t\t<\/div>\n\t\t\t\t<\/div>\n\t\t\t\t<\/div>\n\t\t\t\t\t<\/div>\n\t\t<\/div>\n\t\t\t\t\t\t\t<\/div>\n\t\t<\/section>\n\t\t\t\t\t\t<\/div>\n\t\t\t\t\t<\/div>\n\t\t","protected":false},"excerpt":{"rendered":"<p>V podjetju Ograje Ko\u010devar zagotavljamo celovite re\u0161itve na podro\u010dju ograjnih sistemov. Ustvarjamo zasebne in varne prostore za bivanje, varujemo premo\u017eenje in ljudi. Smo prvi slovenski proizvajalec in najve\u010dji ponudnik ograjnih sistemov. Na\u0161e re\u0161itve zagotavljajo varnost, estetsko dovr\u0161enost, vizualno zaporo in protihrupno za\u0161\u010dito ljudem, bivalnim, poslovnim in industrijskim objektom. Izku\u0161nje V podjetju Ograje Ko\u010devar \u017ee ve\u010d &hellip; <\/p>\n<p class=\"link-more\"><a href=\"https:\/\/rendering-ogk.si\/?page_id=1495\" class=\"more-link\">Read more<span class=\"screen-reader-text\"> &#8220;O nas&#8221;<\/span><\/a><\/p>\n","protected":false},"author":3,"featured_media":0,"parent":0,"menu_order":0,"comment_status":"closed","ping_status":"closed","template":"","meta":[],"yoast_head":"<!-- This site is optimized with the Yoast SEO plugin v19.4 - https:\/\/yoast.com\/wordpress\/plugins\/seo\/ -->\n<title>O nas - RENDERING OGK<\/title>\n<meta name=\"robots\" content=\"index, follow, max-snippet:-1, max-image-preview:large, max-video-preview:-1\" \/>\n<link rel=\"canonical\" href=\"https:\/\/rendering-ogk.si\/?page_id=1495\" \/>\n<meta property=\"og:locale\" content=\"sl_SI\" \/>\n<meta property=\"og:type\" content=\"article\" \/>\n<meta property=\"og:title\" content=\"O nas - RENDERING OGK\" \/>\n<meta property=\"og:description\" content=\"V podjetju Ograje Ko\u010devar zagotavljamo celovite re\u0161itve na podro\u010dju ograjnih sistemov. Ustvarjamo zasebne in varne prostore za bivanje, varujemo premo\u017eenje in ljudi. Smo prvi slovenski proizvajalec in najve\u010dji ponudnik ograjnih sistemov. Na\u0161e re\u0161itve zagotavljajo varnost, estetsko dovr\u0161enost, vizualno zaporo in protihrupno za\u0161\u010dito ljudem, bivalnim, poslovnim in industrijskim objektom. Izku\u0161nje V podjetju Ograje Ko\u010devar \u017ee ve\u010d &hellip; Read more &quot;O nas&quot;\" \/>\n<meta property=\"og:url\" content=\"https:\/\/rendering-ogk.si\/?page_id=1495\" \/>\n<meta property=\"og:site_name\" content=\"RENDERING OGK\" \/>\n<meta property=\"article:modified_time\" content=\"2021-09-06T07:03:08+00:00\" \/>\n<meta property=\"og:image\" content=\"http:\/\/rendering-ogk.si\/wp-content\/uploads\/2021\/09\/Potem-13.png\" \/>\n<meta name=\"twitter:card\" content=\"summary_large_image\" \/>\n<meta name=\"twitter:label1\" content=\"Est. reading time\" \/>\n\t<meta name=\"twitter:data1\" content=\"2 minuti\" \/>\n<script type=\"application\/ld+json\" class=\"yoast-schema-graph\">{\"@context\":\"https:\/\/schema.org\",\"@graph\":[{\"@type\":\"Organization\",\"@id\":\"https:\/\/rendering-ogk.si\/#organization\",\"name\":\"RENDERING OGK\",\"url\":\"https:\/\/rendering-ogk.si\/\",\"sameAs\":[],\"logo\":{\"@type\":\"ImageObject\",\"inLanguage\":\"sl-SI\",\"@id\":\"https:\/\/rendering-ogk.si\/#\/schema\/logo\/image\/\",\"url\":\"https:\/\/rendering-ogk.si\/wp-content\/uploads\/2021\/09\/favicon-192x192-1.png\",\"contentUrl\":\"https:\/\/rendering-ogk.si\/wp-content\/uploads\/2021\/09\/favicon-192x192-1.png\",\"width\":32,\"height\":32,\"caption\":\"RENDERING OGK\"},\"image\":{\"@id\":\"https:\/\/rendering-ogk.si\/#\/schema\/logo\/image\/\"}},{\"@type\":\"WebSite\",\"@id\":\"https:\/\/rendering-ogk.si\/#website\",\"url\":\"https:\/\/rendering-ogk.si\/\",\"name\":\"RENDERING OGK\",\"description\":\"\",\"publisher\":{\"@id\":\"https:\/\/rendering-ogk.si\/#organization\"},\"potentialAction\":[{\"@type\":\"SearchAction\",\"target\":{\"@type\":\"EntryPoint\",\"urlTemplate\":\"https:\/\/rendering-ogk.si\/?s={search_term_string}\"},\"query-input\":\"required name=search_term_string\"}],\"inLanguage\":\"sl-SI\"},{\"@type\":\"WebPage\",\"@id\":\"https:\/\/rendering-ogk.si\/?page_id=1495\",\"url\":\"https:\/\/rendering-ogk.si\/?page_id=1495\",\"name\":\"O nas - RENDERING OGK\",\"isPartOf\":{\"@id\":\"https:\/\/rendering-ogk.si\/#website\"},\"datePublished\":\"2021-09-01T12:56:38+00:00\",\"dateModified\":\"2021-09-06T07:03:08+00:00\",\"breadcrumb\":{\"@id\":\"https:\/\/rendering-ogk.si\/?page_id=1495#breadcrumb\"},\"inLanguage\":\"sl-SI\",\"potentialAction\":[{\"@type\":\"ReadAction\",\"target\":[\"https:\/\/rendering-ogk.si\/?page_id=1495\"]}]},{\"@type\":\"BreadcrumbList\",\"@id\":\"https:\/\/rendering-ogk.si\/?page_id=1495#breadcrumb\",\"itemListElement\":[{\"@type\":\"ListItem\",\"position\":1,\"name\":\"Home\",\"item\":\"https:\/\/rendering-ogk.si\/\"},{\"@type\":\"ListItem\",\"position\":2,\"name\":\"O nas\"}]}]}<\/script>\n<!-- \/ Yoast SEO plugin. -->","yoast_head_json":{"title":"O nas - RENDERING OGK","robots":{"index":"index","follow":"follow","max-snippet":"max-snippet:-1","max-image-preview":"max-image-preview:large","max-video-preview":"max-video-preview:-1"},"canonical":"https:\/\/rendering-ogk.si\/?page_id=1495","og_locale":"sl_SI","og_type":"article","og_title":"O nas - RENDERING OGK","og_description":"V podjetju Ograje Ko\u010devar zagotavljamo celovite re\u0161itve na podro\u010dju ograjnih sistemov. Ustvarjamo zasebne in varne prostore za bivanje, varujemo premo\u017eenje in ljudi. Smo prvi slovenski proizvajalec in najve\u010dji ponudnik ograjnih sistemov. Na\u0161e re\u0161itve zagotavljajo varnost, estetsko dovr\u0161enost, vizualno zaporo in protihrupno za\u0161\u010dito ljudem, bivalnim, poslovnim in industrijskim objektom. Izku\u0161nje V podjetju Ograje Ko\u010devar \u017ee ve\u010d &hellip; Read more \"O nas\"","og_url":"https:\/\/rendering-ogk.si\/?page_id=1495","og_site_name":"RENDERING OGK","article_modified_time":"2021-09-06T07:03:08+00:00","og_image":[{"url":"http:\/\/rendering-ogk.si\/wp-content\/uploads\/2021\/09\/Potem-13.png"}],"twitter_card":"summary_large_image","twitter_misc":{"Est. reading time":"2 minuti"},"schema":{"@context":"https:\/\/schema.org","@graph":[{"@type":"Organization","@id":"https:\/\/rendering-ogk.si\/#organization","name":"RENDERING OGK","url":"https:\/\/rendering-ogk.si\/","sameAs":[],"logo":{"@type":"ImageObject","inLanguage":"sl-SI","@id":"https:\/\/rendering-ogk.si\/#\/schema\/logo\/image\/","url":"https:\/\/rendering-ogk.si\/wp-content\/uploads\/2021\/09\/favicon-192x192-1.png","contentUrl":"https:\/\/rendering-ogk.si\/wp-content\/uploads\/2021\/09\/favicon-192x192-1.png","width":32,"height":32,"caption":"RENDERING OGK"},"image":{"@id":"https:\/\/rendering-ogk.si\/#\/schema\/logo\/image\/"}},{"@type":"WebSite","@id":"https:\/\/rendering-ogk.si\/#website","url":"https:\/\/rendering-ogk.si\/","name":"RENDERING OGK","description":"","publisher":{"@id":"https:\/\/rendering-ogk.si\/#organization"},"potentialAction":[{"@type":"SearchAction","target":{"@type":"EntryPoint","urlTemplate":"https:\/\/rendering-ogk.si\/?s={search_term_string}"},"query-input":"required name=search_term_string"}],"inLanguage":"sl-SI"},{"@type":"WebPage","@id":"https:\/\/rendering-ogk.si\/?page_id=1495","url":"https:\/\/rendering-ogk.si\/?page_id=1495","name":"O nas - RENDERING OGK","isPartOf":{"@id":"https:\/\/rendering-ogk.si\/#website"},"datePublished":"2021-09-01T12:56:38+00:00","dateModified":"2021-09-06T07:03:08+00:00","breadcrumb":{"@id":"https:\/\/rendering-ogk.si\/?page_id=1495#breadcrumb"},"inLanguage":"sl-SI","potentialAction":[{"@type":"ReadAction","target":["https:\/\/rendering-ogk.si\/?page_id=1495"]}]},{"@type":"BreadcrumbList","@id":"https:\/\/rendering-ogk.si\/?page_id=1495#breadcrumb","itemListElement":[{"@type":"ListItem","position":1,"name":"Home","item":"https:\/\/rendering-ogk.si\/"},{"@type":"ListItem","position":2,"name":"O nas"}]}]}},"_links":{"self":[{"href":"https:\/\/rendering-ogk.si\/index.php?rest_route=\/wp\/v2\/pages\/1495"}],"collection":[{"href":"https:\/\/rendering-ogk.si\/index.php?rest_route=\/wp\/v2\/pages"}],"about":[{"href":"https:\/\/rendering-ogk.si\/index.php?rest_route=\/wp\/v2\/types\/page"}],"author":[{"embeddable":true,"href":"https:\/\/rendering-ogk.si\/index.php?rest_route=\/wp\/v2\/users\/3"}],"replies":[{"embeddable":true,"href":"https:\/\/rendering-ogk.si\/index.php?rest_route=%2Fwp%2Fv2%2Fcomments&post=1495"}],"version-history":[{"count":49,"href":"https:\/\/rendering-ogk.si\/index.php?rest_route=\/wp\/v2\/pages\/1495\/revisions"}],"predecessor-version":[{"id":1919,"href":"https:\/\/rendering-ogk.si\/index.php?rest_route=\/wp\/v2\/pages\/1495\/revisions\/1919"}],"wp:attachment":[{"href":"https:\/\/rendering-ogk.si\/index.php?rest_route=%2Fwp%2Fv2%2Fmedia&parent=1495"}],"curies":[{"name":"wp","href":"https:\/\/api.w.org\/{rel}","templated":true}]}}