{"id":1523,"date":"2021-09-01T13:10:17","date_gmt":"2021-09-01T13:10:17","guid":{"rendered":"http:\/\/rendering-ogk.si\/?page_id=1523"},"modified":"2021-09-06T07:13:18","modified_gmt":"2021-09-06T07:13:18","slug":"storitve","status":"publish","type":"page","link":"https:\/\/rendering-ogk.si\/?page_id=1523","title":{"rendered":"Storitve"},"content":{"rendered":"\t\t<div data-elementor-type=\"wp-page\" data-elementor-id=\"1523\" class=\"elementor elementor-1523\" data-elementor-settings=\"[]\">\n\t\t\t\t\t\t\t<div class=\"elementor-section-wrap\">\n\t\t\t\t\t\t\t<section class=\"elementor-section elementor-top-section elementor-element elementor-element-40dc0c0 elementor-section-boxed elementor-section-height-default elementor-section-height-default\" data-id=\"40dc0c0\" data-element_type=\"section\">\n\t\t\t\t\t\t<div class=\"elementor-container elementor-column-gap-default\">\n\t\t\t\t\t<div class=\"elementor-column elementor-col-100 elementor-top-column elementor-element elementor-element-03e0a16\" data-id=\"03e0a16\" data-element_type=\"column\">\n\t\t\t<div class=\"elementor-widget-wrap elementor-element-populated\">\n\t\t\t\t\t\t\t\t<div class=\"elementor-element elementor-element-947bad5 elementor-widget elementor-widget-heading\" data-id=\"947bad5\" data-element_type=\"widget\" data-widget_type=\"heading.default\">\n\t\t\t\t<div class=\"elementor-widget-container\">\n\t\t\t<h2 class=\"elementor-heading-title elementor-size-default\">Na\u0161e storitve<\/h2>\t\t<\/div>\n\t\t\t\t<\/div>\n\t\t\t\t<div class=\"elementor-element elementor-element-4fc6935 elementor-widget elementor-widget-text-editor\" data-id=\"4fc6935\" data-element_type=\"widget\" data-widget_type=\"text-editor.default\">\n\t\t\t\t<div class=\"elementor-widget-container\">\n\t\t\t\t\t\t\t<p>Zakaj izbrati na\u0161e storitve? Ponujamo storitve ali re\u0161itve, ki so opravljene po meri in so vnaprej na\u010drtovane.<span style=\"color: var( --e-global-color-text ); font-family: var( --e-global-typography-text-font-family ), Sans-serif; font-weight: var( --e-global-typography-text-font-weight );\">\u00a0<\/span><\/p>\t\t\t\t\t\t<\/div>\n\t\t\t\t<\/div>\n\t\t\t\t<div class=\"elementor-element elementor-element-71c0fd7 elementor-widget elementor-widget-spacer\" data-id=\"71c0fd7\" data-element_type=\"widget\" data-widget_type=\"spacer.default\">\n\t\t\t\t<div class=\"elementor-widget-container\">\n\t\t\t\t\t<div class=\"elementor-spacer\">\n\t\t\t<div class=\"elementor-spacer-inner\"><\/div>\n\t\t<\/div>\n\t\t\t\t<\/div>\n\t\t\t\t<\/div>\n\t\t\t\t\t<\/div>\n\t\t<\/div>\n\t\t\t\t\t\t\t<\/div>\n\t\t<\/section>\n\t\t\t\t<section class=\"elementor-section elementor-top-section elementor-element elementor-element-c847d6f elementor-section-boxed elementor-section-height-default elementor-section-height-default\" data-id=\"c847d6f\" data-element_type=\"section\">\n\t\t\t\t\t\t<div class=\"elementor-container elementor-column-gap-default\">\n\t\t\t\t\t<div class=\"elementor-column elementor-col-100 elementor-top-column elementor-element elementor-element-91f3dd0\" data-id=\"91f3dd0\" data-element_type=\"column\">\n\t\t\t<div class=\"elementor-widget-wrap elementor-element-populated\">\n\t\t\t\t\t\t\t\t<section class=\"elementor-section elementor-inner-section elementor-element elementor-element-a5f639f elementor-section-boxed elementor-section-height-default elementor-section-height-default\" data-id=\"a5f639f\" data-element_type=\"section\">\n\t\t\t\t\t\t<div class=\"elementor-container elementor-column-gap-default\">\n\t\t\t\t\t<div class=\"elementor-column elementor-col-50 elementor-inner-column elementor-element elementor-element-f6c4f78\" data-id=\"f6c4f78\" data-element_type=\"column\">\n\t\t\t<div class=\"elementor-widget-wrap elementor-element-populated\">\n\t\t\t\t\t\t\t\t<div class=\"elementor-element elementor-element-12c8439 elementor-widget elementor-widget-image\" data-id=\"12c8439\" data-element_type=\"widget\" data-widget_type=\"image.default\">\n\t\t\t\t<div class=\"elementor-widget-container\">\n\t\t\t\t\t\t\t\t\t\t\t\t\t\t\t<img width=\"950\" height=\"669\" src=\"https:\/\/rendering-ogk.si\/wp-content\/uploads\/2021\/09\/Potem-13.png\" class=\"attachment-large size-large\" alt=\"\" loading=\"lazy\" srcset=\"https:\/\/rendering-ogk.si\/wp-content\/uploads\/2021\/09\/Potem-13.png 992w, https:\/\/rendering-ogk.si\/wp-content\/uploads\/2021\/09\/Potem-13-300x211.png 300w, https:\/\/rendering-ogk.si\/wp-content\/uploads\/2021\/09\/Potem-13-768x541.png 768w\" sizes=\"100vw\" \/>\t\t\t\t\t\t\t\t\t\t\t\t\t\t\t<\/div>\n\t\t\t\t<\/div>\n\t\t\t\t\t<\/div>\n\t\t<\/div>\n\t\t\t\t<div class=\"elementor-column elementor-col-50 elementor-inner-column elementor-element elementor-element-2e8318f\" data-id=\"2e8318f\" data-element_type=\"column\">\n\t\t\t<div class=\"elementor-widget-wrap elementor-element-populated\">\n\t\t\t\t\t\t\t\t<div class=\"elementor-element elementor-element-bfa9e10 elementor-widget elementor-widget-heading\" data-id=\"bfa9e10\" data-element_type=\"widget\" data-widget_type=\"heading.default\">\n\t\t\t\t<div class=\"elementor-widget-container\">\n\t\t\t<h2 class=\"elementor-heading-title elementor-size-default\">3D izris ograjnih sistemov<\/h2>\t\t<\/div>\n\t\t\t\t<\/div>\n\t\t\t\t<div class=\"elementor-element elementor-element-9ad8dff elementor-widget elementor-widget-text-editor\" data-id=\"9ad8dff\" data-element_type=\"widget\" data-widget_type=\"text-editor.default\">\n\t\t\t\t<div class=\"elementor-widget-container\">\n\t\t\t\t\t\t\t<p>S kakovostnim na\u010drtovanjem zagotovimo skladnost kon\u010dne re\u0161itve s pri\u010dakovanji, \u017eeljami in potrebami uporabnika stanovanjskega ali poslovnega objekta. Vizualizacija nam pomaga pridobiti popolno predstavo celovite re\u0161itve. S 3D izrisom\u00a0 torej pridobimo kon\u010dno sliko, izgled objekta po monta\u017ei ograjnega sistema.<\/p>\t\t\t\t\t\t<\/div>\n\t\t\t\t<\/div>\n\t\t\t\t<div class=\"elementor-element elementor-element-79636af elementor-align-justify elementor-widget elementor-widget-button\" data-id=\"79636af\" data-element_type=\"widget\" data-widget_type=\"button.default\">\n\t\t\t\t<div class=\"elementor-widget-container\">\n\t\t\t\t\t<div class=\"elementor-button-wrapper\">\n\t\t\t<a href=\"http:\/\/rendering-ogk.si\/?page_id=1676\" class=\"elementor-button-link elementor-button elementor-size-sm\" role=\"button\">\n\t\t\t\t\t\t<span class=\"elementor-button-content-wrapper\">\n\t\t\t\t\t\t<span class=\"elementor-button-text\">Prika\u017ei ve\u010d<\/span>\n\t\t<\/span>\n\t\t\t\t\t<\/a>\n\t\t<\/div>\n\t\t\t\t<\/div>\n\t\t\t\t<\/div>\n\t\t\t\t\t<\/div>\n\t\t<\/div>\n\t\t\t\t\t\t\t<\/div>\n\t\t<\/section>\n\t\t\t\t<div class=\"elementor-element elementor-element-c7bfb13 elementor-widget elementor-widget-spacer\" data-id=\"c7bfb13\" data-element_type=\"widget\" data-widget_type=\"spacer.default\">\n\t\t\t\t<div class=\"elementor-widget-container\">\n\t\t\t\t\t<div class=\"elementor-spacer\">\n\t\t\t<div class=\"elementor-spacer-inner\"><\/div>\n\t\t<\/div>\n\t\t\t\t<\/div>\n\t\t\t\t<\/div>\n\t\t\t\t\t<\/div>\n\t\t<\/div>\n\t\t\t\t\t\t\t<\/div>\n\t\t<\/section>\n\t\t\t\t<section class=\"elementor-section elementor-top-section elementor-element elementor-element-6acca30 elementor-section-boxed elementor-section-height-default elementor-section-height-default\" data-id=\"6acca30\" data-element_type=\"section\">\n\t\t\t\t\t\t<div class=\"elementor-container elementor-column-gap-default\">\n\t\t\t\t\t<div class=\"elementor-column elementor-col-100 elementor-top-column elementor-element elementor-element-52b0710\" data-id=\"52b0710\" data-element_type=\"column\">\n\t\t\t<div class=\"elementor-widget-wrap elementor-element-populated\">\n\t\t\t\t\t\t\t\t<section class=\"elementor-section elementor-inner-section elementor-element elementor-element-8df3ab6 elementor-section-boxed elementor-section-height-default elementor-section-height-default\" data-id=\"8df3ab6\" data-element_type=\"section\">\n\t\t\t\t\t\t<div class=\"elementor-container elementor-column-gap-default\">\n\t\t\t\t\t<div class=\"elementor-column elementor-col-50 elementor-inner-column elementor-element elementor-element-609a437\" data-id=\"609a437\" data-element_type=\"column\">\n\t\t\t<div class=\"elementor-widget-wrap elementor-element-populated\">\n\t\t\t\t\t\t\t\t<div class=\"elementor-element elementor-element-666beb1 elementor-widget elementor-widget-image\" data-id=\"666beb1\" data-element_type=\"widget\" data-widget_type=\"image.default\">\n\t\t\t\t<div class=\"elementor-widget-container\">\n\t\t\t\t\t\t\t\t\t\t\t\t\t\t\t<img width=\"950\" height=\"727\" src=\"https:\/\/rendering-ogk.si\/wp-content\/uploads\/2021\/09\/VIZ2.jpg\" class=\"attachment-large size-large\" alt=\"rendering\" loading=\"lazy\" srcset=\"https:\/\/rendering-ogk.si\/wp-content\/uploads\/2021\/09\/VIZ2.jpg 1000w, https:\/\/rendering-ogk.si\/wp-content\/uploads\/2021\/09\/VIZ2-300x230.jpg 300w, https:\/\/rendering-ogk.si\/wp-content\/uploads\/2021\/09\/VIZ2-768x588.jpg 768w\" sizes=\"100vw\" \/>\t\t\t\t\t\t\t\t\t\t\t\t\t\t\t<\/div>\n\t\t\t\t<\/div>\n\t\t\t\t\t<\/div>\n\t\t<\/div>\n\t\t\t\t<div class=\"elementor-column elementor-col-50 elementor-inner-column elementor-element elementor-element-b156576\" data-id=\"b156576\" data-element_type=\"column\">\n\t\t\t<div class=\"elementor-widget-wrap elementor-element-populated\">\n\t\t\t\t\t\t\t\t<div class=\"elementor-element elementor-element-de64261 elementor-widget elementor-widget-heading\" data-id=\"de64261\" data-element_type=\"widget\" data-widget_type=\"heading.default\">\n\t\t\t\t<div class=\"elementor-widget-container\">\n\t\t\t<h2 class=\"elementor-heading-title elementor-size-default\">3D izris in na\u010drtovanje zunanje ureditve objektov<\/h2>\t\t<\/div>\n\t\t\t\t<\/div>\n\t\t\t\t<div class=\"elementor-element elementor-element-16a1159 elementor-widget elementor-widget-text-editor\" data-id=\"16a1159\" data-element_type=\"widget\" data-widget_type=\"text-editor.default\">\n\t\t\t\t<div class=\"elementor-widget-container\">\n\t\t\t\t\t\t\t<p>Na\u010drtovanje zunanje arhitekture objektov je osnova za skladnost zunanjih ureditev z \u017eivljenskim slogom, \u017eeljami in pri\u010dakovanji uporabnikov. Ureditev zunanjih povr\u0161in, dostopnih in voznih, teras in plo\u010dnikov, poti, okrasnega nasutja, zelenic, ograj, nadstre\u0161kov in pergol ima zelo pomembno vlogo pri kakovosti \u017eivljenja ali poslovanja v in ob stanovanjskih ali poslovnih objektih. S 3D izrisom pridobimo kon\u010dno sliko, vizualizacijo dokon\u010danega objekta z urejeno okolico.<\/p>\t\t\t\t\t\t<\/div>\n\t\t\t\t<\/div>\n\t\t\t\t<div class=\"elementor-element elementor-element-1859366 elementor-align-justify elementor-widget elementor-widget-button\" data-id=\"1859366\" data-element_type=\"widget\" data-widget_type=\"button.default\">\n\t\t\t\t<div class=\"elementor-widget-container\">\n\t\t\t\t\t<div class=\"elementor-button-wrapper\">\n\t\t\t<a href=\"http:\/\/rendering-ogk.si\/?page_id=1681\" class=\"elementor-button-link elementor-button elementor-size-sm\" role=\"button\">\n\t\t\t\t\t\t<span class=\"elementor-button-content-wrapper\">\n\t\t\t\t\t\t<span class=\"elementor-button-text\">Prika\u017ei ve\u010d<\/span>\n\t\t<\/span>\n\t\t\t\t\t<\/a>\n\t\t<\/div>\n\t\t\t\t<\/div>\n\t\t\t\t<\/div>\n\t\t\t\t\t<\/div>\n\t\t<\/div>\n\t\t\t\t\t\t\t<\/div>\n\t\t<\/section>\n\t\t\t\t<div class=\"elementor-element elementor-element-2d46dd0 elementor-widget elementor-widget-spacer\" data-id=\"2d46dd0\" data-element_type=\"widget\" data-widget_type=\"spacer.default\">\n\t\t\t\t<div class=\"elementor-widget-container\">\n\t\t\t\t\t<div class=\"elementor-spacer\">\n\t\t\t<div class=\"elementor-spacer-inner\"><\/div>\n\t\t<\/div>\n\t\t\t\t<\/div>\n\t\t\t\t<\/div>\n\t\t\t\t\t<\/div>\n\t\t<\/div>\n\t\t\t\t\t\t\t<\/div>\n\t\t<\/section>\n\t\t\t\t<section class=\"elementor-section elementor-top-section elementor-element elementor-element-b1898ea elementor-section-boxed elementor-section-height-default elementor-section-height-default\" data-id=\"b1898ea\" data-element_type=\"section\">\n\t\t\t\t\t\t<div class=\"elementor-container elementor-column-gap-default\">\n\t\t\t\t\t<div class=\"elementor-column elementor-col-100 elementor-top-column elementor-element elementor-element-c989e89\" data-id=\"c989e89\" data-element_type=\"column\">\n\t\t\t<div class=\"elementor-widget-wrap elementor-element-populated\">\n\t\t\t\t\t\t\t\t<section class=\"elementor-section elementor-inner-section elementor-element elementor-element-5aa3444 elementor-section-boxed elementor-section-height-default elementor-section-height-default\" data-id=\"5aa3444\" data-element_type=\"section\">\n\t\t\t\t\t\t<div class=\"elementor-container elementor-column-gap-default\">\n\t\t\t\t\t<div class=\"elementor-column elementor-col-50 elementor-inner-column elementor-element elementor-element-de1eda9\" data-id=\"de1eda9\" data-element_type=\"column\">\n\t\t\t<div class=\"elementor-widget-wrap elementor-element-populated\">\n\t\t\t\t\t\t\t\t<div class=\"elementor-element elementor-element-7f4f4bf elementor-widget elementor-widget-image\" data-id=\"7f4f4bf\" data-element_type=\"widget\" data-widget_type=\"image.default\">\n\t\t\t\t<div class=\"elementor-widget-container\">\n\t\t\t\t\t\t\t\t\t\t\t\t\t\t\t<img width=\"950\" height=\"541\" src=\"https:\/\/rendering-ogk.si\/wp-content\/uploads\/2021\/09\/vhod1.png\" class=\"attachment-large size-large\" alt=\"\" loading=\"lazy\" srcset=\"https:\/\/rendering-ogk.si\/wp-content\/uploads\/2021\/09\/vhod1.png 977w, https:\/\/rendering-ogk.si\/wp-content\/uploads\/2021\/09\/vhod1-300x171.png 300w, https:\/\/rendering-ogk.si\/wp-content\/uploads\/2021\/09\/vhod1-768x437.png 768w\" sizes=\"100vw\" \/>\t\t\t\t\t\t\t\t\t\t\t\t\t\t\t<\/div>\n\t\t\t\t<\/div>\n\t\t\t\t\t<\/div>\n\t\t<\/div>\n\t\t\t\t<div class=\"elementor-column elementor-col-50 elementor-inner-column elementor-element elementor-element-e7eef68\" data-id=\"e7eef68\" data-element_type=\"column\">\n\t\t\t<div class=\"elementor-widget-wrap elementor-element-populated\">\n\t\t\t\t\t\t\t\t<div class=\"elementor-element elementor-element-0185cb3 elementor-widget elementor-widget-heading\" data-id=\"0185cb3\" data-element_type=\"widget\" data-widget_type=\"heading.default\">\n\t\t\t\t<div class=\"elementor-widget-container\">\n\t\t\t<h2 class=\"elementor-heading-title elementor-size-default\">3D izris vizualizacije izdelkov, objektov, detajlov<\/h2>\t\t<\/div>\n\t\t\t\t<\/div>\n\t\t\t\t<div class=\"elementor-element elementor-element-610884b elementor-widget elementor-widget-text-editor\" data-id=\"610884b\" data-element_type=\"widget\" data-widget_type=\"text-editor.default\">\n\t\t\t\t<div class=\"elementor-widget-container\">\n\t\t\t\t\t\t\t<p>3D pog\u010ded na predmet, objekt ali detajl izdelamo s pomo\u010djo 3D-vizualizacije, izrisa, animacije. S tem dobimo prostorsko predstavo predmeta ali objekta in tudi simulacijo njegove umestitve v prostor. Razvijamo idejno zasnovo, od prvih zamisli, preko zorenja idejo do kon\u010dne izvedbe. S 3D izrisi pridobimo kakovostno razumevanje re\u0161itev v vseh fazah njihovega razvoja.<\/p>\t\t\t\t\t\t<\/div>\n\t\t\t\t<\/div>\n\t\t\t\t<div class=\"elementor-element elementor-element-9db2b02 elementor-align-justify elementor-widget elementor-widget-button\" data-id=\"9db2b02\" data-element_type=\"widget\" data-widget_type=\"button.default\">\n\t\t\t\t<div class=\"elementor-widget-container\">\n\t\t\t\t\t<div class=\"elementor-button-wrapper\">\n\t\t\t<a href=\"http:\/\/rendering-ogk.si\/?page_id=1686\" class=\"elementor-button-link elementor-button elementor-size-sm\" role=\"button\">\n\t\t\t\t\t\t<span class=\"elementor-button-content-wrapper\">\n\t\t\t\t\t\t<span class=\"elementor-button-text\">Prika\u017ei ve\u010d<\/span>\n\t\t<\/span>\n\t\t\t\t\t<\/a>\n\t\t<\/div>\n\t\t\t\t<\/div>\n\t\t\t\t<\/div>\n\t\t\t\t\t<\/div>\n\t\t<\/div>\n\t\t\t\t\t\t\t<\/div>\n\t\t<\/section>\n\t\t\t\t<div class=\"elementor-element elementor-element-511e9d7 elementor-widget elementor-widget-spacer\" data-id=\"511e9d7\" data-element_type=\"widget\" data-widget_type=\"spacer.default\">\n\t\t\t\t<div class=\"elementor-widget-container\">\n\t\t\t\t\t<div class=\"elementor-spacer\">\n\t\t\t<div class=\"elementor-spacer-inner\"><\/div>\n\t\t<\/div>\n\t\t\t\t<\/div>\n\t\t\t\t<\/div>\n\t\t\t\t\t<\/div>\n\t\t<\/div>\n\t\t\t\t\t\t\t<\/div>\n\t\t<\/section>\n\t\t\t\t\t\t<\/div>\n\t\t\t\t\t<\/div>\n\t\t","protected":false},"excerpt":{"rendered":"<p>Na\u0161e storitve Zakaj izbrati na\u0161e storitve? Ponujamo storitve ali re\u0161itve, ki so opravljene po meri in so vnaprej na\u010drtovane.\u00a0 3D izris ograjnih sistemov S kakovostnim na\u010drtovanjem zagotovimo skladnost kon\u010dne re\u0161itve s pri\u010dakovanji, \u017eeljami in potrebami uporabnika stanovanjskega ali poslovnega objekta. Vizualizacija nam pomaga pridobiti popolno predstavo celovite re\u0161itve. S 3D izrisom\u00a0 torej pridobimo kon\u010dno sliko, &hellip; <\/p>\n<p class=\"link-more\"><a href=\"https:\/\/rendering-ogk.si\/?page_id=1523\" class=\"more-link\">Read more<span class=\"screen-reader-text\"> &#8220;Storitve&#8221;<\/span><\/a><\/p>\n","protected":false},"author":3,"featured_media":0,"parent":0,"menu_order":0,"comment_status":"closed","ping_status":"closed","template":"","meta":[],"yoast_head":"<!-- This site is optimized with the Yoast SEO plugin v19.4 - https:\/\/yoast.com\/wordpress\/plugins\/seo\/ -->\n<title>Storitve - RENDERING OGK | storitve, ki jih ponujamo | preverite zdaj!<\/title>\n<meta name=\"description\" content=\"Storitve ki jih nudimo: 3D viualizacija in na\u010drtovanje objektov, zunanjih prostorov in teras. Za ve\u010d info. pa lahko preverite spletno stran\" \/>\n<meta name=\"robots\" content=\"index, follow, max-snippet:-1, max-image-preview:large, max-video-preview:-1\" \/>\n<link rel=\"canonical\" href=\"https:\/\/rendering-ogk.si\/?page_id=1523\" \/>\n<meta property=\"og:locale\" content=\"sl_SI\" \/>\n<meta property=\"og:type\" content=\"article\" \/>\n<meta property=\"og:title\" content=\"Storitve - RENDERING OGK | storitve, ki jih ponujamo | preverite zdaj!\" \/>\n<meta property=\"og:description\" content=\"Storitve ki jih nudimo: 3D viualizacija in na\u010drtovanje objektov, zunanjih prostorov in teras. Za ve\u010d info. pa lahko preverite spletno stran\" \/>\n<meta property=\"og:url\" content=\"https:\/\/rendering-ogk.si\/?page_id=1523\" \/>\n<meta property=\"og:site_name\" content=\"RENDERING OGK\" \/>\n<meta property=\"article:modified_time\" content=\"2021-09-06T07:13:18+00:00\" \/>\n<meta property=\"og:image\" content=\"http:\/\/rendering-ogk.si\/wp-content\/uploads\/2021\/09\/Potem-13.png\" \/>\n<meta name=\"twitter:card\" content=\"summary_large_image\" \/>\n<meta name=\"twitter:label1\" content=\"Est. reading time\" \/>\n\t<meta name=\"twitter:data1\" content=\"2 minuti\" \/>\n<script type=\"application\/ld+json\" class=\"yoast-schema-graph\">{\"@context\":\"https:\/\/schema.org\",\"@graph\":[{\"@type\":\"Organization\",\"@id\":\"https:\/\/rendering-ogk.si\/#organization\",\"name\":\"RENDERING OGK\",\"url\":\"https:\/\/rendering-ogk.si\/\",\"sameAs\":[],\"logo\":{\"@type\":\"ImageObject\",\"inLanguage\":\"sl-SI\",\"@id\":\"https:\/\/rendering-ogk.si\/#\/schema\/logo\/image\/\",\"url\":\"https:\/\/rendering-ogk.si\/wp-content\/uploads\/2021\/09\/favicon-192x192-1.png\",\"contentUrl\":\"https:\/\/rendering-ogk.si\/wp-content\/uploads\/2021\/09\/favicon-192x192-1.png\",\"width\":32,\"height\":32,\"caption\":\"RENDERING OGK\"},\"image\":{\"@id\":\"https:\/\/rendering-ogk.si\/#\/schema\/logo\/image\/\"}},{\"@type\":\"WebSite\",\"@id\":\"https:\/\/rendering-ogk.si\/#website\",\"url\":\"https:\/\/rendering-ogk.si\/\",\"name\":\"RENDERING OGK\",\"description\":\"\",\"publisher\":{\"@id\":\"https:\/\/rendering-ogk.si\/#organization\"},\"potentialAction\":[{\"@type\":\"SearchAction\",\"target\":{\"@type\":\"EntryPoint\",\"urlTemplate\":\"https:\/\/rendering-ogk.si\/?s={search_term_string}\"},\"query-input\":\"required name=search_term_string\"}],\"inLanguage\":\"sl-SI\"},{\"@type\":\"WebPage\",\"@id\":\"https:\/\/rendering-ogk.si\/?page_id=1523\",\"url\":\"https:\/\/rendering-ogk.si\/?page_id=1523\",\"name\":\"Storitve - RENDERING OGK | storitve, ki jih ponujamo | preverite zdaj!\",\"isPartOf\":{\"@id\":\"https:\/\/rendering-ogk.si\/#website\"},\"datePublished\":\"2021-09-01T13:10:17+00:00\",\"dateModified\":\"2021-09-06T07:13:18+00:00\",\"description\":\"Storitve ki jih nudimo: 3D viualizacija in na\u010drtovanje objektov, zunanjih prostorov in teras. Za ve\u010d info. pa lahko preverite spletno stran\",\"breadcrumb\":{\"@id\":\"https:\/\/rendering-ogk.si\/?page_id=1523#breadcrumb\"},\"inLanguage\":\"sl-SI\",\"potentialAction\":[{\"@type\":\"ReadAction\",\"target\":[\"https:\/\/rendering-ogk.si\/?page_id=1523\"]}]},{\"@type\":\"BreadcrumbList\",\"@id\":\"https:\/\/rendering-ogk.si\/?page_id=1523#breadcrumb\",\"itemListElement\":[{\"@type\":\"ListItem\",\"position\":1,\"name\":\"Home\",\"item\":\"https:\/\/rendering-ogk.si\/\"},{\"@type\":\"ListItem\",\"position\":2,\"name\":\"Storitve\"}]}]}<\/script>\n<!-- \/ Yoast SEO plugin. -->","yoast_head_json":{"title":"Storitve - RENDERING OGK | storitve, ki jih ponujamo | preverite zdaj!","description":"Storitve ki jih nudimo: 3D viualizacija in na\u010drtovanje objektov, zunanjih prostorov in teras. Za ve\u010d info. pa lahko preverite spletno stran","robots":{"index":"index","follow":"follow","max-snippet":"max-snippet:-1","max-image-preview":"max-image-preview:large","max-video-preview":"max-video-preview:-1"},"canonical":"https:\/\/rendering-ogk.si\/?page_id=1523","og_locale":"sl_SI","og_type":"article","og_title":"Storitve - RENDERING OGK | storitve, ki jih ponujamo | preverite zdaj!","og_description":"Storitve ki jih nudimo: 3D viualizacija in na\u010drtovanje objektov, zunanjih prostorov in teras. Za ve\u010d info. pa lahko preverite spletno stran","og_url":"https:\/\/rendering-ogk.si\/?page_id=1523","og_site_name":"RENDERING OGK","article_modified_time":"2021-09-06T07:13:18+00:00","og_image":[{"url":"http:\/\/rendering-ogk.si\/wp-content\/uploads\/2021\/09\/Potem-13.png"}],"twitter_card":"summary_large_image","twitter_misc":{"Est. reading time":"2 minuti"},"schema":{"@context":"https:\/\/schema.org","@graph":[{"@type":"Organization","@id":"https:\/\/rendering-ogk.si\/#organization","name":"RENDERING OGK","url":"https:\/\/rendering-ogk.si\/","sameAs":[],"logo":{"@type":"ImageObject","inLanguage":"sl-SI","@id":"https:\/\/rendering-ogk.si\/#\/schema\/logo\/image\/","url":"https:\/\/rendering-ogk.si\/wp-content\/uploads\/2021\/09\/favicon-192x192-1.png","contentUrl":"https:\/\/rendering-ogk.si\/wp-content\/uploads\/2021\/09\/favicon-192x192-1.png","width":32,"height":32,"caption":"RENDERING OGK"},"image":{"@id":"https:\/\/rendering-ogk.si\/#\/schema\/logo\/image\/"}},{"@type":"WebSite","@id":"https:\/\/rendering-ogk.si\/#website","url":"https:\/\/rendering-ogk.si\/","name":"RENDERING OGK","description":"","publisher":{"@id":"https:\/\/rendering-ogk.si\/#organization"},"potentialAction":[{"@type":"SearchAction","target":{"@type":"EntryPoint","urlTemplate":"https:\/\/rendering-ogk.si\/?s={search_term_string}"},"query-input":"required name=search_term_string"}],"inLanguage":"sl-SI"},{"@type":"WebPage","@id":"https:\/\/rendering-ogk.si\/?page_id=1523","url":"https:\/\/rendering-ogk.si\/?page_id=1523","name":"Storitve - RENDERING OGK | storitve, ki jih ponujamo | preverite zdaj!","isPartOf":{"@id":"https:\/\/rendering-ogk.si\/#website"},"datePublished":"2021-09-01T13:10:17+00:00","dateModified":"2021-09-06T07:13:18+00:00","description":"Storitve ki jih nudimo: 3D viualizacija in na\u010drtovanje objektov, zunanjih prostorov in teras. Za ve\u010d info. pa lahko preverite spletno stran","breadcrumb":{"@id":"https:\/\/rendering-ogk.si\/?page_id=1523#breadcrumb"},"inLanguage":"sl-SI","potentialAction":[{"@type":"ReadAction","target":["https:\/\/rendering-ogk.si\/?page_id=1523"]}]},{"@type":"BreadcrumbList","@id":"https:\/\/rendering-ogk.si\/?page_id=1523#breadcrumb","itemListElement":[{"@type":"ListItem","position":1,"name":"Home","item":"https:\/\/rendering-ogk.si\/"},{"@type":"ListItem","position":2,"name":"Storitve"}]}]}},"_links":{"self":[{"href":"https:\/\/rendering-ogk.si\/index.php?rest_route=\/wp\/v2\/pages\/1523"}],"collection":[{"href":"https:\/\/rendering-ogk.si\/index.php?rest_route=\/wp\/v2\/pages"}],"about":[{"href":"https:\/\/rendering-ogk.si\/index.php?rest_route=\/wp\/v2\/types\/page"}],"author":[{"embeddable":true,"href":"https:\/\/rendering-ogk.si\/index.php?rest_route=\/wp\/v2\/users\/3"}],"replies":[{"embeddable":true,"href":"https:\/\/rendering-ogk.si\/index.php?rest_route=%2Fwp%2Fv2%2Fcomments&post=1523"}],"version-history":[{"count":80,"href":"https:\/\/rendering-ogk.si\/index.php?rest_route=\/wp\/v2\/pages\/1523\/revisions"}],"predecessor-version":[{"id":1930,"href":"https:\/\/rendering-ogk.si\/index.php?rest_route=\/wp\/v2\/pages\/1523\/revisions\/1930"}],"wp:attachment":[{"href":"https:\/\/rendering-ogk.si\/index.php?rest_route=%2Fwp%2Fv2%2Fmedia&parent=1523"}],"curies":[{"name":"wp","href":"https:\/\/api.w.org\/{rel}","templated":true}]}}