{"id":1676,"date":"2021-09-02T07:27:18","date_gmt":"2021-09-02T07:27:18","guid":{"rendered":"http:\/\/rendering-ogk.si\/?page_id=1676"},"modified":"2021-09-02T07:50:25","modified_gmt":"2021-09-02T07:50:25","slug":"3d-izris-ograjnih-sistemov","status":"publish","type":"page","link":"https:\/\/rendering-ogk.si\/?page_id=1676","title":{"rendered":"3D izris ograjnih sistemov"},"content":{"rendered":"\t\t<div data-elementor-type=\"wp-page\" data-elementor-id=\"1676\" class=\"elementor elementor-1676\" data-elementor-settings=\"[]\">\n\t\t\t\t\t\t\t<div class=\"elementor-section-wrap\">\n\t\t\t\t\t\t\t<section class=\"elementor-section elementor-top-section elementor-element elementor-element-7816cbe elementor-section-boxed elementor-section-height-default elementor-section-height-default\" data-id=\"7816cbe\" data-element_type=\"section\">\n\t\t\t\t\t\t<div class=\"elementor-container elementor-column-gap-default\">\n\t\t\t\t\t<div class=\"elementor-column elementor-col-100 elementor-top-column elementor-element elementor-element-fce4929\" data-id=\"fce4929\" data-element_type=\"column\">\n\t\t\t<div class=\"elementor-widget-wrap elementor-element-populated\">\n\t\t\t\t\t\t\t\t<div class=\"elementor-element elementor-element-79bf7d0 elementor-widget elementor-widget-heading\" data-id=\"79bf7d0\" data-element_type=\"widget\" data-widget_type=\"heading.default\">\n\t\t\t\t<div class=\"elementor-widget-container\">\n\t\t\t<h2 class=\"elementor-heading-title elementor-size-default\">Potek izvedbe<\/h2>\t\t<\/div>\n\t\t\t\t<\/div>\n\t\t\t\t<section class=\"elementor-section elementor-inner-section elementor-element elementor-element-db74c0b elementor-section-boxed elementor-section-height-default elementor-section-height-default\" data-id=\"db74c0b\" data-element_type=\"section\">\n\t\t\t\t\t\t<div class=\"elementor-container elementor-column-gap-default\">\n\t\t\t\t\t<div class=\"elementor-column elementor-col-50 elementor-inner-column elementor-element elementor-element-f21bd7a\" data-id=\"f21bd7a\" data-element_type=\"column\">\n\t\t\t<div class=\"elementor-widget-wrap elementor-element-populated\">\n\t\t\t\t\t\t\t\t<div class=\"elementor-element elementor-element-7fd60e1 elementor-widget elementor-widget-image\" data-id=\"7fd60e1\" data-element_type=\"widget\" data-widget_type=\"image.default\">\n\t\t\t\t<div class=\"elementor-widget-container\">\n\t\t\t\t\t\t\t\t\t\t\t\t\t\t\t<img width=\"950\" height=\"646\" src=\"https:\/\/rendering-ogk.si\/wp-content\/uploads\/2021\/09\/Prej-0-1024x696.png\" class=\"attachment-large size-large\" alt=\"\" loading=\"lazy\" srcset=\"https:\/\/rendering-ogk.si\/wp-content\/uploads\/2021\/09\/Prej-0-1024x696.png 1024w, https:\/\/rendering-ogk.si\/wp-content\/uploads\/2021\/09\/Prej-0-300x204.png 300w, https:\/\/rendering-ogk.si\/wp-content\/uploads\/2021\/09\/Prej-0-768x522.png 768w, https:\/\/rendering-ogk.si\/wp-content\/uploads\/2021\/09\/Prej-0.png 1200w\" sizes=\"100vw\" \/>\t\t\t\t\t\t\t\t\t\t\t\t\t\t\t<\/div>\n\t\t\t\t<\/div>\n\t\t\t\t\t<\/div>\n\t\t<\/div>\n\t\t\t\t<div class=\"elementor-column elementor-col-50 elementor-inner-column elementor-element elementor-element-8090935\" data-id=\"8090935\" data-element_type=\"column\">\n\t\t\t<div class=\"elementor-widget-wrap elementor-element-populated\">\n\t\t\t\t\t\t\t\t<div class=\"elementor-element elementor-element-5ba5c80 elementor-widget elementor-widget-text-editor\" data-id=\"5ba5c80\" data-element_type=\"widget\" data-widget_type=\"text-editor.default\">\n\t\t\t\t<div class=\"elementor-widget-container\">\n\t\t\t\t\t\t\tPri na\u010drtovanju izhajamo iz potreb po ograjevanju in \u017eeljene podobe objekta. To so lahko varnost, za\u0161\u010dita pred hrupom, za\u0161\u010dita pred pogledi ter skladnost oblike ograjnega sistema s podobo objekta ali vse na\u0161teto. 3D vizualizacija je pri tem nepogre\u0161ljiva. Z njo pridobimo jasno in nazorno predstavo o tem, kaj bomo z izvedbo ograjnega sistema pridobili.\t\t\t\t\t\t<\/div>\n\t\t\t\t<\/div>\n\t\t\t\t\t<\/div>\n\t\t<\/div>\n\t\t\t\t\t\t\t<\/div>\n\t\t<\/section>\n\t\t\t\t\t<\/div>\n\t\t<\/div>\n\t\t\t\t\t\t\t<\/div>\n\t\t<\/section>\n\t\t\t\t<section class=\"elementor-section elementor-top-section elementor-element elementor-element-666cdca elementor-section-boxed elementor-section-height-default elementor-section-height-default\" data-id=\"666cdca\" data-element_type=\"section\">\n\t\t\t\t\t\t<div class=\"elementor-container elementor-column-gap-default\">\n\t\t\t\t\t<div class=\"elementor-column elementor-col-100 elementor-top-column elementor-element elementor-element-a0d1f16\" data-id=\"a0d1f16\" data-element_type=\"column\">\n\t\t\t<div class=\"elementor-widget-wrap elementor-element-populated\">\n\t\t\t\t\t\t\t\t<div class=\"elementor-element elementor-element-05f0438 elementor-widget elementor-widget-heading\" data-id=\"05f0438\" data-element_type=\"widget\" data-widget_type=\"heading.default\">\n\t\t\t\t<div class=\"elementor-widget-container\">\n\t\t\t<h2 class=\"elementor-heading-title elementor-size-default\">Podlaga za 3D izris<\/h2>\t\t<\/div>\n\t\t\t\t<\/div>\n\t\t\t\t<section class=\"elementor-section elementor-inner-section elementor-element elementor-element-4ff5e7d elementor-section-boxed elementor-section-height-default elementor-section-height-default\" data-id=\"4ff5e7d\" data-element_type=\"section\">\n\t\t\t\t\t\t<div class=\"elementor-container elementor-column-gap-default\">\n\t\t\t\t\t<div class=\"elementor-column elementor-col-50 elementor-inner-column elementor-element elementor-element-9de567a\" data-id=\"9de567a\" data-element_type=\"column\">\n\t\t\t<div class=\"elementor-widget-wrap elementor-element-populated\">\n\t\t\t\t\t\t\t\t<div class=\"elementor-element elementor-element-0ee9f1b elementor-widget elementor-widget-image\" data-id=\"0ee9f1b\" data-element_type=\"widget\" data-widget_type=\"image.default\">\n\t\t\t\t<div class=\"elementor-widget-container\">\n\t\t\t\t\t\t\t\t\t\t\t\t\t\t\t<img width=\"950\" height=\"649\" src=\"https:\/\/rendering-ogk.si\/wp-content\/uploads\/2021\/09\/Zunanja-ureditev-1024x700.png\" class=\"attachment-large size-large\" alt=\"\" loading=\"lazy\" srcset=\"https:\/\/rendering-ogk.si\/wp-content\/uploads\/2021\/09\/Zunanja-ureditev-1024x700.png 1024w, https:\/\/rendering-ogk.si\/wp-content\/uploads\/2021\/09\/Zunanja-ureditev-300x205.png 300w, https:\/\/rendering-ogk.si\/wp-content\/uploads\/2021\/09\/Zunanja-ureditev-768x525.png 768w, https:\/\/rendering-ogk.si\/wp-content\/uploads\/2021\/09\/Zunanja-ureditev.png 1205w\" sizes=\"100vw\" \/>\t\t\t\t\t\t\t\t\t\t\t\t\t\t\t<\/div>\n\t\t\t\t<\/div>\n\t\t\t\t\t<\/div>\n\t\t<\/div>\n\t\t\t\t<div class=\"elementor-column elementor-col-50 elementor-inner-column elementor-element elementor-element-3d05fb5\" data-id=\"3d05fb5\" data-element_type=\"column\">\n\t\t\t<div class=\"elementor-widget-wrap elementor-element-populated\">\n\t\t\t\t\t\t\t\t<div class=\"elementor-element elementor-element-c2fc5a0 elementor-widget elementor-widget-text-editor\" data-id=\"c2fc5a0\" data-element_type=\"widget\" data-widget_type=\"text-editor.default\">\n\t\t\t\t<div class=\"elementor-widget-container\">\n\t\t\t\t\t\t\t<p>Osnova za 3D izris je lahko fotografija objekta, 3D izris objekta, tloris oziroma na\u010drt zemlji\u0161\u010da, arhitektura objekta, PZI oziroma projekt za izvedbo ali skica z izmerami na\u010drtovanega ograjnega sistema. Izris nastane na osnovi razgovora z naro\u010dnikom ter opredelitvijo njegovih \u017eelja in pri\u010dakovanj.<\/p>\t\t\t\t\t\t<\/div>\n\t\t\t\t<\/div>\n\t\t\t\t\t<\/div>\n\t\t<\/div>\n\t\t\t\t\t\t\t<\/div>\n\t\t<\/section>\n\t\t\t\t\t<\/div>\n\t\t<\/div>\n\t\t\t\t\t\t\t<\/div>\n\t\t<\/section>\n\t\t\t\t<section class=\"elementor-section elementor-top-section elementor-element elementor-element-46d3a19 elementor-section-boxed elementor-section-height-default elementor-section-height-default\" data-id=\"46d3a19\" data-element_type=\"section\">\n\t\t\t\t\t\t<div class=\"elementor-container elementor-column-gap-default\">\n\t\t\t\t\t<div class=\"elementor-column elementor-col-100 elementor-top-column elementor-element elementor-element-23e660c\" data-id=\"23e660c\" data-element_type=\"column\">\n\t\t\t<div class=\"elementor-widget-wrap elementor-element-populated\">\n\t\t\t\t\t\t\t\t<div class=\"elementor-element elementor-element-51ae1e6 elementor-widget elementor-widget-heading\" data-id=\"51ae1e6\" data-element_type=\"widget\" data-widget_type=\"heading.default\">\n\t\t\t\t<div class=\"elementor-widget-container\">\n\t\t\t<h2 class=\"elementor-heading-title elementor-size-default\">Oblika izrisa<\/h2>\t\t<\/div>\n\t\t\t\t<\/div>\n\t\t\t\t<section class=\"elementor-section elementor-inner-section elementor-element elementor-element-4fa6ea7 elementor-section-boxed elementor-section-height-default elementor-section-height-default\" data-id=\"4fa6ea7\" data-element_type=\"section\">\n\t\t\t\t\t\t<div class=\"elementor-container elementor-column-gap-default\">\n\t\t\t\t\t<div class=\"elementor-column elementor-col-50 elementor-inner-column elementor-element elementor-element-b3ba275\" data-id=\"b3ba275\" data-element_type=\"column\">\n\t\t\t<div class=\"elementor-widget-wrap elementor-element-populated\">\n\t\t\t\t\t\t\t\t<div class=\"elementor-element elementor-element-939e06d elementor-widget elementor-widget-image\" data-id=\"939e06d\" data-element_type=\"widget\" data-widget_type=\"image.default\">\n\t\t\t\t<div class=\"elementor-widget-container\">\n\t\t\t\t\t\t\t\t\t\t\t\t\t\t\t<img width=\"950\" height=\"669\" src=\"https:\/\/rendering-ogk.si\/wp-content\/uploads\/2021\/09\/Potem-13.png\" class=\"attachment-large size-large\" alt=\"\" loading=\"lazy\" srcset=\"https:\/\/rendering-ogk.si\/wp-content\/uploads\/2021\/09\/Potem-13.png 992w, https:\/\/rendering-ogk.si\/wp-content\/uploads\/2021\/09\/Potem-13-300x211.png 300w, https:\/\/rendering-ogk.si\/wp-content\/uploads\/2021\/09\/Potem-13-768x541.png 768w\" sizes=\"100vw\" \/>\t\t\t\t\t\t\t\t\t\t\t\t\t\t\t<\/div>\n\t\t\t\t<\/div>\n\t\t\t\t\t<\/div>\n\t\t<\/div>\n\t\t\t\t<div class=\"elementor-column elementor-col-50 elementor-inner-column elementor-element elementor-element-06e2344\" data-id=\"06e2344\" data-element_type=\"column\">\n\t\t\t<div class=\"elementor-widget-wrap elementor-element-populated\">\n\t\t\t\t\t\t\t\t<div class=\"elementor-element elementor-element-ccd08ea elementor-widget elementor-widget-text-editor\" data-id=\"ccd08ea\" data-element_type=\"widget\" data-widget_type=\"text-editor.default\">\n\t\t\t\t<div class=\"elementor-widget-container\">\n\t\t\t\t\t\t\t<p>Naro\u010dnik dobi izris v elektronski ali tiskani obliki na \u017eelen naslov. Izris je v nadaljevanju praviloma osnova za celotno izvedbo ograjnega sistema. Lahko pa slu\u017ei naro\u010dniku zgolj za predstavo o \u017eeljeni izvedbi, uporabnosti in kon\u010dnem izgledu. 3D model ograjnega sistema predstavimo s \u0161tirimi ali po dogovoru ve\u010d pogledi.<\/p>\t\t\t\t\t\t<\/div>\n\t\t\t\t<\/div>\n\t\t\t\t\t<\/div>\n\t\t<\/div>\n\t\t\t\t\t\t\t<\/div>\n\t\t<\/section>\n\t\t\t\t<div class=\"elementor-element elementor-element-3196c73 elementor-widget elementor-widget-spacer\" data-id=\"3196c73\" data-element_type=\"widget\" data-widget_type=\"spacer.default\">\n\t\t\t\t<div class=\"elementor-widget-container\">\n\t\t\t\t\t<div class=\"elementor-spacer\">\n\t\t\t<div class=\"elementor-spacer-inner\"><\/div>\n\t\t<\/div>\n\t\t\t\t<\/div>\n\t\t\t\t<\/div>\n\t\t\t\t\t<\/div>\n\t\t<\/div>\n\t\t\t\t\t\t\t<\/div>\n\t\t<\/section>\n\t\t\t\t<section class=\"elementor-section elementor-top-section elementor-element elementor-element-de1d1e7 elementor-section-boxed elementor-section-height-default elementor-section-height-default\" data-id=\"de1d1e7\" data-element_type=\"section\">\n\t\t\t\t\t\t<div class=\"elementor-container elementor-column-gap-default\">\n\t\t\t\t\t<div class=\"elementor-column elementor-col-100 elementor-top-column elementor-element elementor-element-9d147f3\" data-id=\"9d147f3\" data-element_type=\"column\">\n\t\t\t<div class=\"elementor-widget-wrap elementor-element-populated\">\n\t\t\t\t\t\t\t\t<div class=\"elementor-element elementor-element-145c7ea elementor-align-justify elementor-widget elementor-widget-button\" data-id=\"145c7ea\" data-element_type=\"widget\" data-widget_type=\"button.default\">\n\t\t\t\t<div class=\"elementor-widget-container\">\n\t\t\t\t\t<div class=\"elementor-button-wrapper\">\n\t\t\t<a href=\"http:\/\/rendering-ogk.si\/?page_id=1532\" class=\"elementor-button-link elementor-button elementor-size-md\" role=\"button\">\n\t\t\t\t\t\t<span class=\"elementor-button-content-wrapper\">\n\t\t\t\t\t\t<span class=\"elementor-button-text\">Po\u0161ljite povpra\u0161evanje<\/span>\n\t\t<\/span>\n\t\t\t\t\t<\/a>\n\t\t<\/div>\n\t\t\t\t<\/div>\n\t\t\t\t<\/div>\n\t\t\t\t\t<\/div>\n\t\t<\/div>\n\t\t\t\t\t\t\t<\/div>\n\t\t<\/section>\n\t\t\t\t\t\t<\/div>\n\t\t\t\t\t<\/div>\n\t\t","protected":false},"excerpt":{"rendered":"<p>Potek izvedbe Pri na\u010drtovanju izhajamo iz potreb po ograjevanju in \u017eeljene podobe objekta. To so lahko varnost, za\u0161\u010dita pred hrupom, za\u0161\u010dita pred pogledi ter skladnost oblike ograjnega sistema s podobo objekta ali vse na\u0161teto. 3D vizualizacija je pri tem nepogre\u0161ljiva. Z njo pridobimo jasno in nazorno predstavo o tem, kaj bomo z izvedbo ograjnega sistema &hellip; <\/p>\n<p class=\"link-more\"><a href=\"https:\/\/rendering-ogk.si\/?page_id=1676\" class=\"more-link\">Read more<span class=\"screen-reader-text\"> &#8220;3D izris ograjnih sistemov&#8221;<\/span><\/a><\/p>\n","protected":false},"author":3,"featured_media":0,"parent":0,"menu_order":0,"comment_status":"closed","ping_status":"closed","template":"","meta":[],"yoast_head":"<!-- This site is optimized with the Yoast SEO plugin v19.4 - https:\/\/yoast.com\/wordpress\/plugins\/seo\/ -->\n<title>3D izris ograjnih sistemov - RENDERING OGK<\/title>\n<meta name=\"robots\" content=\"index, follow, max-snippet:-1, max-image-preview:large, max-video-preview:-1\" \/>\n<link rel=\"canonical\" href=\"https:\/\/rendering-ogk.si\/?page_id=1676\" \/>\n<meta property=\"og:locale\" content=\"sl_SI\" \/>\n<meta property=\"og:type\" content=\"article\" \/>\n<meta property=\"og:title\" content=\"3D izris ograjnih sistemov - RENDERING OGK\" \/>\n<meta property=\"og:description\" content=\"Potek izvedbe Pri na\u010drtovanju izhajamo iz potreb po ograjevanju in \u017eeljene podobe objekta. To so lahko varnost, za\u0161\u010dita pred hrupom, za\u0161\u010dita pred pogledi ter skladnost oblike ograjnega sistema s podobo objekta ali vse na\u0161teto. 3D vizualizacija je pri tem nepogre\u0161ljiva. Z njo pridobimo jasno in nazorno predstavo o tem, kaj bomo z izvedbo ograjnega sistema &hellip; Read more &quot;3D izris ograjnih sistemov&quot;\" \/>\n<meta property=\"og:url\" content=\"https:\/\/rendering-ogk.si\/?page_id=1676\" \/>\n<meta property=\"og:site_name\" content=\"RENDERING OGK\" \/>\n<meta property=\"article:modified_time\" content=\"2021-09-02T07:50:25+00:00\" \/>\n<meta property=\"og:image\" content=\"http:\/\/rendering-ogk.si\/wp-content\/uploads\/2021\/09\/Prej-0-1024x696.png\" \/>\n<meta name=\"twitter:card\" content=\"summary_large_image\" \/>\n<meta name=\"twitter:label1\" content=\"Est. reading time\" \/>\n\t<meta name=\"twitter:data1\" content=\"1 minuta\" \/>\n<script type=\"application\/ld+json\" class=\"yoast-schema-graph\">{\"@context\":\"https:\/\/schema.org\",\"@graph\":[{\"@type\":\"Organization\",\"@id\":\"https:\/\/rendering-ogk.si\/#organization\",\"name\":\"RENDERING OGK\",\"url\":\"https:\/\/rendering-ogk.si\/\",\"sameAs\":[],\"logo\":{\"@type\":\"ImageObject\",\"inLanguage\":\"sl-SI\",\"@id\":\"https:\/\/rendering-ogk.si\/#\/schema\/logo\/image\/\",\"url\":\"https:\/\/rendering-ogk.si\/wp-content\/uploads\/2021\/09\/favicon-192x192-1.png\",\"contentUrl\":\"https:\/\/rendering-ogk.si\/wp-content\/uploads\/2021\/09\/favicon-192x192-1.png\",\"width\":32,\"height\":32,\"caption\":\"RENDERING OGK\"},\"image\":{\"@id\":\"https:\/\/rendering-ogk.si\/#\/schema\/logo\/image\/\"}},{\"@type\":\"WebSite\",\"@id\":\"https:\/\/rendering-ogk.si\/#website\",\"url\":\"https:\/\/rendering-ogk.si\/\",\"name\":\"RENDERING OGK\",\"description\":\"\",\"publisher\":{\"@id\":\"https:\/\/rendering-ogk.si\/#organization\"},\"potentialAction\":[{\"@type\":\"SearchAction\",\"target\":{\"@type\":\"EntryPoint\",\"urlTemplate\":\"https:\/\/rendering-ogk.si\/?s={search_term_string}\"},\"query-input\":\"required name=search_term_string\"}],\"inLanguage\":\"sl-SI\"},{\"@type\":\"WebPage\",\"@id\":\"https:\/\/rendering-ogk.si\/?page_id=1676\",\"url\":\"https:\/\/rendering-ogk.si\/?page_id=1676\",\"name\":\"3D izris ograjnih sistemov - RENDERING OGK\",\"isPartOf\":{\"@id\":\"https:\/\/rendering-ogk.si\/#website\"},\"datePublished\":\"2021-09-02T07:27:18+00:00\",\"dateModified\":\"2021-09-02T07:50:25+00:00\",\"breadcrumb\":{\"@id\":\"https:\/\/rendering-ogk.si\/?page_id=1676#breadcrumb\"},\"inLanguage\":\"sl-SI\",\"potentialAction\":[{\"@type\":\"ReadAction\",\"target\":[\"https:\/\/rendering-ogk.si\/?page_id=1676\"]}]},{\"@type\":\"BreadcrumbList\",\"@id\":\"https:\/\/rendering-ogk.si\/?page_id=1676#breadcrumb\",\"itemListElement\":[{\"@type\":\"ListItem\",\"position\":1,\"name\":\"Home\",\"item\":\"https:\/\/rendering-ogk.si\/\"},{\"@type\":\"ListItem\",\"position\":2,\"name\":\"3D izris ograjnih sistemov\"}]}]}<\/script>\n<!-- \/ Yoast SEO plugin. -->","yoast_head_json":{"title":"3D izris ograjnih sistemov - RENDERING OGK","robots":{"index":"index","follow":"follow","max-snippet":"max-snippet:-1","max-image-preview":"max-image-preview:large","max-video-preview":"max-video-preview:-1"},"canonical":"https:\/\/rendering-ogk.si\/?page_id=1676","og_locale":"sl_SI","og_type":"article","og_title":"3D izris ograjnih sistemov - RENDERING OGK","og_description":"Potek izvedbe Pri na\u010drtovanju izhajamo iz potreb po ograjevanju in \u017eeljene podobe objekta. To so lahko varnost, za\u0161\u010dita pred hrupom, za\u0161\u010dita pred pogledi ter skladnost oblike ograjnega sistema s podobo objekta ali vse na\u0161teto. 3D vizualizacija je pri tem nepogre\u0161ljiva. Z njo pridobimo jasno in nazorno predstavo o tem, kaj bomo z izvedbo ograjnega sistema &hellip; Read more \"3D izris ograjnih sistemov\"","og_url":"https:\/\/rendering-ogk.si\/?page_id=1676","og_site_name":"RENDERING OGK","article_modified_time":"2021-09-02T07:50:25+00:00","og_image":[{"url":"http:\/\/rendering-ogk.si\/wp-content\/uploads\/2021\/09\/Prej-0-1024x696.png"}],"twitter_card":"summary_large_image","twitter_misc":{"Est. reading time":"1 minuta"},"schema":{"@context":"https:\/\/schema.org","@graph":[{"@type":"Organization","@id":"https:\/\/rendering-ogk.si\/#organization","name":"RENDERING OGK","url":"https:\/\/rendering-ogk.si\/","sameAs":[],"logo":{"@type":"ImageObject","inLanguage":"sl-SI","@id":"https:\/\/rendering-ogk.si\/#\/schema\/logo\/image\/","url":"https:\/\/rendering-ogk.si\/wp-content\/uploads\/2021\/09\/favicon-192x192-1.png","contentUrl":"https:\/\/rendering-ogk.si\/wp-content\/uploads\/2021\/09\/favicon-192x192-1.png","width":32,"height":32,"caption":"RENDERING OGK"},"image":{"@id":"https:\/\/rendering-ogk.si\/#\/schema\/logo\/image\/"}},{"@type":"WebSite","@id":"https:\/\/rendering-ogk.si\/#website","url":"https:\/\/rendering-ogk.si\/","name":"RENDERING OGK","description":"","publisher":{"@id":"https:\/\/rendering-ogk.si\/#organization"},"potentialAction":[{"@type":"SearchAction","target":{"@type":"EntryPoint","urlTemplate":"https:\/\/rendering-ogk.si\/?s={search_term_string}"},"query-input":"required name=search_term_string"}],"inLanguage":"sl-SI"},{"@type":"WebPage","@id":"https:\/\/rendering-ogk.si\/?page_id=1676","url":"https:\/\/rendering-ogk.si\/?page_id=1676","name":"3D izris ograjnih sistemov - RENDERING OGK","isPartOf":{"@id":"https:\/\/rendering-ogk.si\/#website"},"datePublished":"2021-09-02T07:27:18+00:00","dateModified":"2021-09-02T07:50:25+00:00","breadcrumb":{"@id":"https:\/\/rendering-ogk.si\/?page_id=1676#breadcrumb"},"inLanguage":"sl-SI","potentialAction":[{"@type":"ReadAction","target":["https:\/\/rendering-ogk.si\/?page_id=1676"]}]},{"@type":"BreadcrumbList","@id":"https:\/\/rendering-ogk.si\/?page_id=1676#breadcrumb","itemListElement":[{"@type":"ListItem","position":1,"name":"Home","item":"https:\/\/rendering-ogk.si\/"},{"@type":"ListItem","position":2,"name":"3D izris ograjnih sistemov"}]}]}},"_links":{"self":[{"href":"https:\/\/rendering-ogk.si\/index.php?rest_route=\/wp\/v2\/pages\/1676"}],"collection":[{"href":"https:\/\/rendering-ogk.si\/index.php?rest_route=\/wp\/v2\/pages"}],"about":[{"href":"https:\/\/rendering-ogk.si\/index.php?rest_route=\/wp\/v2\/types\/page"}],"author":[{"embeddable":true,"href":"https:\/\/rendering-ogk.si\/index.php?rest_route=\/wp\/v2\/users\/3"}],"replies":[{"embeddable":true,"href":"https:\/\/rendering-ogk.si\/index.php?rest_route=%2Fwp%2Fv2%2Fcomments&post=1676"}],"version-history":[{"count":28,"href":"https:\/\/rendering-ogk.si\/index.php?rest_route=\/wp\/v2\/pages\/1676\/revisions"}],"predecessor-version":[{"id":1740,"href":"https:\/\/rendering-ogk.si\/index.php?rest_route=\/wp\/v2\/pages\/1676\/revisions\/1740"}],"wp:attachment":[{"href":"https:\/\/rendering-ogk.si\/index.php?rest_route=%2Fwp%2Fv2%2Fmedia&parent=1676"}],"curies":[{"name":"wp","href":"https:\/\/api.w.org\/{rel}","templated":true}]}}