{"id":1681,"date":"2021-09-02T07:28:11","date_gmt":"2021-09-02T07:28:11","guid":{"rendered":"http:\/\/rendering-ogk.si\/?page_id=1681"},"modified":"2021-09-02T07:59:54","modified_gmt":"2021-09-02T07:59:54","slug":"3d-izris-in-nacrtovanje-zunanje-ureditve-objektov","status":"publish","type":"page","link":"https:\/\/rendering-ogk.si\/?page_id=1681","title":{"rendered":"3D izris in na\u010drtovanje zunanje ureditve objektov"},"content":{"rendered":"\t\t<div data-elementor-type=\"wp-page\" data-elementor-id=\"1681\" class=\"elementor elementor-1681\" data-elementor-settings=\"[]\">\n\t\t\t\t\t\t\t<div class=\"elementor-section-wrap\">\n\t\t\t\t\t\t\t<section class=\"elementor-section elementor-top-section elementor-element elementor-element-2319257 elementor-section-boxed elementor-section-height-default elementor-section-height-default\" data-id=\"2319257\" data-element_type=\"section\">\n\t\t\t\t\t\t<div class=\"elementor-container elementor-column-gap-default\">\n\t\t\t\t\t<div class=\"elementor-column elementor-col-50 elementor-top-column elementor-element elementor-element-e35f365\" data-id=\"e35f365\" data-element_type=\"column\">\n\t\t\t<div class=\"elementor-widget-wrap elementor-element-populated\">\n\t\t\t\t\t\t\t\t<div class=\"elementor-element elementor-element-017a182 elementor-widget elementor-widget-image\" data-id=\"017a182\" data-element_type=\"widget\" data-widget_type=\"image.default\">\n\t\t\t\t<div class=\"elementor-widget-container\">\n\t\t\t\t\t\t\t\t\t\t\t\t\t\t\t<img width=\"950\" height=\"646\" src=\"https:\/\/rendering-ogk.si\/wp-content\/uploads\/2021\/09\/Prej-0-1024x696.png\" class=\"attachment-large size-large\" alt=\"\" loading=\"lazy\" srcset=\"https:\/\/rendering-ogk.si\/wp-content\/uploads\/2021\/09\/Prej-0-1024x696.png 1024w, https:\/\/rendering-ogk.si\/wp-content\/uploads\/2021\/09\/Prej-0-300x204.png 300w, https:\/\/rendering-ogk.si\/wp-content\/uploads\/2021\/09\/Prej-0-768x522.png 768w, https:\/\/rendering-ogk.si\/wp-content\/uploads\/2021\/09\/Prej-0.png 1200w\" sizes=\"100vw\" \/>\t\t\t\t\t\t\t\t\t\t\t\t\t\t\t<\/div>\n\t\t\t\t<\/div>\n\t\t\t\t<div class=\"elementor-element elementor-element-2b30ee5 elementor-widget elementor-widget-spacer\" data-id=\"2b30ee5\" data-element_type=\"widget\" data-widget_type=\"spacer.default\">\n\t\t\t\t<div class=\"elementor-widget-container\">\n\t\t\t\t\t<div class=\"elementor-spacer\">\n\t\t\t<div class=\"elementor-spacer-inner\"><\/div>\n\t\t<\/div>\n\t\t\t\t<\/div>\n\t\t\t\t<\/div>\n\t\t\t\t\t<\/div>\n\t\t<\/div>\n\t\t\t\t<div class=\"elementor-column elementor-col-50 elementor-top-column elementor-element elementor-element-f2fb926\" data-id=\"f2fb926\" data-element_type=\"column\">\n\t\t\t<div class=\"elementor-widget-wrap elementor-element-populated\">\n\t\t\t\t\t\t\t\t<div class=\"elementor-element elementor-element-dedc33e elementor-widget elementor-widget-heading\" data-id=\"dedc33e\" data-element_type=\"widget\" data-widget_type=\"heading.default\">\n\t\t\t\t<div class=\"elementor-widget-container\">\n\t\t\t<h2 class=\"elementor-heading-title elementor-size-default\">Potek izvedbe<\/h2>\t\t<\/div>\n\t\t\t\t<\/div>\n\t\t\t\t<div class=\"elementor-element elementor-element-eeba043 elementor-widget elementor-widget-text-editor\" data-id=\"eeba043\" data-element_type=\"widget\" data-widget_type=\"text-editor.default\">\n\t\t\t\t<div class=\"elementor-widget-container\">\n\t\t\t\t\t\t\t<p>Pri na\u010drtovanju izhajamo iz potreb po uporabnosti zunanjih povr\u0161in in \u017eeljene podobe objekta. Opredelimo namene posameznih delov, njihovo uporabo, klju\u010dne elemente in podobo ter jih harmoni\u010dno umestimo v prostor. 3D vizualizacija je pri tem nepogre\u0161ljiva. Z njo pridobimo jasno in nazorno predstavo o tem, kaj bomo z izvedbo celovite zunanje ureditve pridobili.<\/p>\t\t\t\t\t\t<\/div>\n\t\t\t\t<\/div>\n\t\t\t\t\t<\/div>\n\t\t<\/div>\n\t\t\t\t\t\t\t<\/div>\n\t\t<\/section>\n\t\t\t\t<section class=\"elementor-section elementor-top-section elementor-element elementor-element-dc36fa1 elementor-section-boxed elementor-section-height-default elementor-section-height-default\" data-id=\"dc36fa1\" data-element_type=\"section\">\n\t\t\t\t\t\t<div class=\"elementor-container elementor-column-gap-default\">\n\t\t\t\t\t<div class=\"elementor-column elementor-col-50 elementor-top-column elementor-element elementor-element-012553a\" data-id=\"012553a\" data-element_type=\"column\">\n\t\t\t<div class=\"elementor-widget-wrap elementor-element-populated\">\n\t\t\t\t\t\t\t\t<div class=\"elementor-element elementor-element-31d9c1d elementor-widget elementor-widget-image\" data-id=\"31d9c1d\" data-element_type=\"widget\" data-widget_type=\"image.default\">\n\t\t\t\t<div class=\"elementor-widget-container\">\n\t\t\t\t\t\t\t\t\t\t\t\t\t\t\t<img width=\"950\" height=\"649\" src=\"https:\/\/rendering-ogk.si\/wp-content\/uploads\/2021\/09\/Zunanja-ureditev-1024x700.png\" class=\"attachment-large size-large\" alt=\"\" loading=\"lazy\" srcset=\"https:\/\/rendering-ogk.si\/wp-content\/uploads\/2021\/09\/Zunanja-ureditev-1024x700.png 1024w, https:\/\/rendering-ogk.si\/wp-content\/uploads\/2021\/09\/Zunanja-ureditev-300x205.png 300w, https:\/\/rendering-ogk.si\/wp-content\/uploads\/2021\/09\/Zunanja-ureditev-768x525.png 768w, https:\/\/rendering-ogk.si\/wp-content\/uploads\/2021\/09\/Zunanja-ureditev.png 1205w\" sizes=\"100vw\" \/>\t\t\t\t\t\t\t\t\t\t\t\t\t\t\t<\/div>\n\t\t\t\t<\/div>\n\t\t\t\t<div class=\"elementor-element elementor-element-7d505e8 elementor-widget elementor-widget-spacer\" data-id=\"7d505e8\" data-element_type=\"widget\" data-widget_type=\"spacer.default\">\n\t\t\t\t<div class=\"elementor-widget-container\">\n\t\t\t\t\t<div class=\"elementor-spacer\">\n\t\t\t<div class=\"elementor-spacer-inner\"><\/div>\n\t\t<\/div>\n\t\t\t\t<\/div>\n\t\t\t\t<\/div>\n\t\t\t\t\t<\/div>\n\t\t<\/div>\n\t\t\t\t<div class=\"elementor-column elementor-col-50 elementor-top-column elementor-element elementor-element-3ed13e1\" data-id=\"3ed13e1\" data-element_type=\"column\">\n\t\t\t<div class=\"elementor-widget-wrap elementor-element-populated\">\n\t\t\t\t\t\t\t\t<div class=\"elementor-element elementor-element-769e3ef elementor-widget elementor-widget-heading\" data-id=\"769e3ef\" data-element_type=\"widget\" data-widget_type=\"heading.default\">\n\t\t\t\t<div class=\"elementor-widget-container\">\n\t\t\t<h2 class=\"elementor-heading-title elementor-size-default\">Podlaga za 3D izris<\/h2>\t\t<\/div>\n\t\t\t\t<\/div>\n\t\t\t\t<div class=\"elementor-element elementor-element-337e64f elementor-widget elementor-widget-text-editor\" data-id=\"337e64f\" data-element_type=\"widget\" data-widget_type=\"text-editor.default\">\n\t\t\t\t<div class=\"elementor-widget-container\">\n\t\t\t\t\t\t\t<p>Osnova za 3D izris celovite zunanje arhitekture objekta je lahko fotografija objekta, 3D izris objekta, tloris oziroma na\u010drt zemlji\u0161\u010da, arhitektura objekta, PZI oziroma projekt za izvedbo ali skica z izmerami, posnetek stanja na terenu, kjer na\u010drtujemo ureditev. Izris nastane na osnovi razgovora z naro\u010dnikom ter opredelitvijo njegovih \u017eelja in pri\u010dakovanj, ogledom terena in izmerami na terenu.<\/p>\t\t\t\t\t\t<\/div>\n\t\t\t\t<\/div>\n\t\t\t\t\t<\/div>\n\t\t<\/div>\n\t\t\t\t\t\t\t<\/div>\n\t\t<\/section>\n\t\t\t\t<section class=\"elementor-section elementor-top-section elementor-element elementor-element-83927d7 elementor-section-boxed elementor-section-height-default elementor-section-height-default\" data-id=\"83927d7\" data-element_type=\"section\">\n\t\t\t\t\t\t<div class=\"elementor-container elementor-column-gap-default\">\n\t\t\t\t\t<div class=\"elementor-column elementor-col-50 elementor-top-column elementor-element elementor-element-c800de8\" data-id=\"c800de8\" data-element_type=\"column\">\n\t\t\t<div class=\"elementor-widget-wrap elementor-element-populated\">\n\t\t\t\t\t\t\t\t<div class=\"elementor-element elementor-element-04e83c9 elementor-widget elementor-widget-image\" data-id=\"04e83c9\" data-element_type=\"widget\" data-widget_type=\"image.default\">\n\t\t\t\t<div class=\"elementor-widget-container\">\n\t\t\t\t\t\t\t\t\t\t\t\t\t\t\t<img width=\"950\" height=\"669\" src=\"https:\/\/rendering-ogk.si\/wp-content\/uploads\/2021\/09\/Potem-13.png\" class=\"attachment-large size-large\" alt=\"\" loading=\"lazy\" srcset=\"https:\/\/rendering-ogk.si\/wp-content\/uploads\/2021\/09\/Potem-13.png 992w, https:\/\/rendering-ogk.si\/wp-content\/uploads\/2021\/09\/Potem-13-300x211.png 300w, https:\/\/rendering-ogk.si\/wp-content\/uploads\/2021\/09\/Potem-13-768x541.png 768w\" sizes=\"100vw\" \/>\t\t\t\t\t\t\t\t\t\t\t\t\t\t\t<\/div>\n\t\t\t\t<\/div>\n\t\t\t\t<div class=\"elementor-element elementor-element-7d46b7a elementor-widget elementor-widget-spacer\" data-id=\"7d46b7a\" data-element_type=\"widget\" data-widget_type=\"spacer.default\">\n\t\t\t\t<div class=\"elementor-widget-container\">\n\t\t\t\t\t<div class=\"elementor-spacer\">\n\t\t\t<div class=\"elementor-spacer-inner\"><\/div>\n\t\t<\/div>\n\t\t\t\t<\/div>\n\t\t\t\t<\/div>\n\t\t\t\t\t<\/div>\n\t\t<\/div>\n\t\t\t\t<div class=\"elementor-column elementor-col-50 elementor-top-column elementor-element elementor-element-ad8408c\" data-id=\"ad8408c\" data-element_type=\"column\">\n\t\t\t<div class=\"elementor-widget-wrap elementor-element-populated\">\n\t\t\t\t\t\t\t\t<div class=\"elementor-element elementor-element-700b27b elementor-widget elementor-widget-heading\" data-id=\"700b27b\" data-element_type=\"widget\" data-widget_type=\"heading.default\">\n\t\t\t\t<div class=\"elementor-widget-container\">\n\t\t\t<h2 class=\"elementor-heading-title elementor-size-default\">Oblika izrisa<\/h2>\t\t<\/div>\n\t\t\t\t<\/div>\n\t\t\t\t<div class=\"elementor-element elementor-element-efe1846 elementor-widget elementor-widget-text-editor\" data-id=\"efe1846\" data-element_type=\"widget\" data-widget_type=\"text-editor.default\">\n\t\t\t\t<div class=\"elementor-widget-container\">\n\t\t\t\t\t\t\t<div id=\"eluid7a5e09ac\" class=\"vertical_tabs vr-tabs hg-tabs eluid7a5e09ac hidden-xs  verttabs--light element-scheme--light kl-style-2 vr-tabs-kl-style-2 clearfix\" data-is-hover-active-enabled=\"1\" data-tabs-history=\"1\"><div class=\"tabbable vr-tabs-tbb\"><div class=\"tab-content vr-tabs-content\"><div id=\"tabs_v2-paneeluid7a5e09ac_3_0\" class=\"tab-pane vr-tabs-tabpane active row \"><div id=\"eluid10d6af85\" class=\"eluid10d6af85            col-md-12 col-sm-12   znColumnElement\"><div class=\"znColumnElement-innerWrapper-eluid10d6af85 znColumnElement-innerWrapper znColumnElement-innerWrapper--valign-top znColumnElement-innerWrapper--halign-left \"><div class=\"znColumnElement-innerContent\"><div class=\"kl-title-block clearfix tbk--text- tbk--left text-left tbk-symbol--  tbk-icon-pos--after-title eluide46e717c \"><div class=\"tbk__text\"><p>Naro\u010dnik dobi izris v elektronski ali tiskani obliki na \u017eelen naslov. Izris je v nadaljevanju praviloma osnova za izvedbo zunanje ureditve. Lahko pa slu\u017ei naro\u010dniku zgolj za predstavo o \u017eeljeni izvedbi, uporabnosti in kon\u010dnem izgledu vseh zunanjih povr\u0161in okoli stanovanjskega ali poslovnega objekta. 3D model zunanje ureditve objektov predstavimo s \u0161tirimi ali po dogovoru ve\u010d pogledi.<\/p><\/div><\/div><\/div><\/div><\/div><\/div><\/div><\/div><\/div>\t\t\t\t\t\t<\/div>\n\t\t\t\t<\/div>\n\t\t\t\t\t<\/div>\n\t\t<\/div>\n\t\t\t\t\t\t\t<\/div>\n\t\t<\/section>\n\t\t\t\t<section class=\"elementor-section elementor-top-section elementor-element elementor-element-9829580 elementor-section-boxed elementor-section-height-default elementor-section-height-default\" data-id=\"9829580\" data-element_type=\"section\">\n\t\t\t\t\t\t<div class=\"elementor-container elementor-column-gap-default\">\n\t\t\t\t\t<div class=\"elementor-column elementor-col-100 elementor-top-column elementor-element elementor-element-ebf4173\" data-id=\"ebf4173\" data-element_type=\"column\">\n\t\t\t<div class=\"elementor-widget-wrap elementor-element-populated\">\n\t\t\t\t\t\t\t\t<div class=\"elementor-element elementor-element-45b9486 elementor-align-justify elementor-widget elementor-widget-button\" data-id=\"45b9486\" data-element_type=\"widget\" data-widget_type=\"button.default\">\n\t\t\t\t<div class=\"elementor-widget-container\">\n\t\t\t\t\t<div class=\"elementor-button-wrapper\">\n\t\t\t<a href=\"http:\/\/rendering-ogk.si\/?page_id=1532\" class=\"elementor-button-link elementor-button elementor-size-md\" role=\"button\">\n\t\t\t\t\t\t<span class=\"elementor-button-content-wrapper\">\n\t\t\t\t\t\t<span class=\"elementor-button-text\">Po\u0161ljite povpra\u0161evanje<\/span>\n\t\t<\/span>\n\t\t\t\t\t<\/a>\n\t\t<\/div>\n\t\t\t\t<\/div>\n\t\t\t\t<\/div>\n\t\t\t\t\t<\/div>\n\t\t<\/div>\n\t\t\t\t\t\t\t<\/div>\n\t\t<\/section>\n\t\t\t\t\t\t<\/div>\n\t\t\t\t\t<\/div>\n\t\t","protected":false},"excerpt":{"rendered":"<p>Potek izvedbe Pri na\u010drtovanju izhajamo iz potreb po uporabnosti zunanjih povr\u0161in in \u017eeljene podobe objekta. Opredelimo namene posameznih delov, njihovo uporabo, klju\u010dne elemente in podobo ter jih harmoni\u010dno umestimo v prostor. 3D vizualizacija je pri tem nepogre\u0161ljiva. Z njo pridobimo jasno in nazorno predstavo o tem, kaj bomo z izvedbo celovite zunanje ureditve pridobili. Podlaga &hellip; <\/p>\n<p class=\"link-more\"><a href=\"https:\/\/rendering-ogk.si\/?page_id=1681\" class=\"more-link\">Read more<span class=\"screen-reader-text\"> &#8220;3D izris in na\u010drtovanje zunanje ureditve objektov&#8221;<\/span><\/a><\/p>\n","protected":false},"author":3,"featured_media":0,"parent":0,"menu_order":0,"comment_status":"closed","ping_status":"closed","template":"","meta":[],"yoast_head":"<!-- This site is optimized with the Yoast SEO plugin v19.4 - https:\/\/yoast.com\/wordpress\/plugins\/seo\/ -->\n<title>3D izris in na\u010drtovanje zunanje ureditve objektov - RENDERING OGK<\/title>\n<meta name=\"robots\" content=\"index, follow, max-snippet:-1, max-image-preview:large, max-video-preview:-1\" \/>\n<link rel=\"canonical\" href=\"https:\/\/rendering-ogk.si\/?page_id=1681\" \/>\n<meta property=\"og:locale\" content=\"sl_SI\" \/>\n<meta property=\"og:type\" content=\"article\" \/>\n<meta property=\"og:title\" content=\"3D izris in na\u010drtovanje zunanje ureditve objektov - RENDERING OGK\" \/>\n<meta property=\"og:description\" content=\"Potek izvedbe Pri na\u010drtovanju izhajamo iz potreb po uporabnosti zunanjih povr\u0161in in \u017eeljene podobe objekta. Opredelimo namene posameznih delov, njihovo uporabo, klju\u010dne elemente in podobo ter jih harmoni\u010dno umestimo v prostor. 3D vizualizacija je pri tem nepogre\u0161ljiva. Z njo pridobimo jasno in nazorno predstavo o tem, kaj bomo z izvedbo celovite zunanje ureditve pridobili. Podlaga &hellip; Read more &quot;3D izris in na\u010drtovanje zunanje ureditve objektov&quot;\" \/>\n<meta property=\"og:url\" content=\"https:\/\/rendering-ogk.si\/?page_id=1681\" \/>\n<meta property=\"og:site_name\" content=\"RENDERING OGK\" \/>\n<meta property=\"article:modified_time\" content=\"2021-09-02T07:59:54+00:00\" \/>\n<meta property=\"og:image\" content=\"http:\/\/rendering-ogk.si\/wp-content\/uploads\/2021\/09\/Prej-0-1024x696.png\" \/>\n<meta name=\"twitter:card\" content=\"summary_large_image\" \/>\n<meta name=\"twitter:label1\" content=\"Est. reading time\" \/>\n\t<meta name=\"twitter:data1\" content=\"1 minuta\" \/>\n<script type=\"application\/ld+json\" class=\"yoast-schema-graph\">{\"@context\":\"https:\/\/schema.org\",\"@graph\":[{\"@type\":\"Organization\",\"@id\":\"https:\/\/rendering-ogk.si\/#organization\",\"name\":\"RENDERING OGK\",\"url\":\"https:\/\/rendering-ogk.si\/\",\"sameAs\":[],\"logo\":{\"@type\":\"ImageObject\",\"inLanguage\":\"sl-SI\",\"@id\":\"https:\/\/rendering-ogk.si\/#\/schema\/logo\/image\/\",\"url\":\"https:\/\/rendering-ogk.si\/wp-content\/uploads\/2021\/09\/favicon-192x192-1.png\",\"contentUrl\":\"https:\/\/rendering-ogk.si\/wp-content\/uploads\/2021\/09\/favicon-192x192-1.png\",\"width\":32,\"height\":32,\"caption\":\"RENDERING OGK\"},\"image\":{\"@id\":\"https:\/\/rendering-ogk.si\/#\/schema\/logo\/image\/\"}},{\"@type\":\"WebSite\",\"@id\":\"https:\/\/rendering-ogk.si\/#website\",\"url\":\"https:\/\/rendering-ogk.si\/\",\"name\":\"RENDERING OGK\",\"description\":\"\",\"publisher\":{\"@id\":\"https:\/\/rendering-ogk.si\/#organization\"},\"potentialAction\":[{\"@type\":\"SearchAction\",\"target\":{\"@type\":\"EntryPoint\",\"urlTemplate\":\"https:\/\/rendering-ogk.si\/?s={search_term_string}\"},\"query-input\":\"required name=search_term_string\"}],\"inLanguage\":\"sl-SI\"},{\"@type\":\"WebPage\",\"@id\":\"https:\/\/rendering-ogk.si\/?page_id=1681\",\"url\":\"https:\/\/rendering-ogk.si\/?page_id=1681\",\"name\":\"3D izris in na\u010drtovanje zunanje ureditve objektov - RENDERING OGK\",\"isPartOf\":{\"@id\":\"https:\/\/rendering-ogk.si\/#website\"},\"datePublished\":\"2021-09-02T07:28:11+00:00\",\"dateModified\":\"2021-09-02T07:59:54+00:00\",\"breadcrumb\":{\"@id\":\"https:\/\/rendering-ogk.si\/?page_id=1681#breadcrumb\"},\"inLanguage\":\"sl-SI\",\"potentialAction\":[{\"@type\":\"ReadAction\",\"target\":[\"https:\/\/rendering-ogk.si\/?page_id=1681\"]}]},{\"@type\":\"BreadcrumbList\",\"@id\":\"https:\/\/rendering-ogk.si\/?page_id=1681#breadcrumb\",\"itemListElement\":[{\"@type\":\"ListItem\",\"position\":1,\"name\":\"Home\",\"item\":\"https:\/\/rendering-ogk.si\/\"},{\"@type\":\"ListItem\",\"position\":2,\"name\":\"3D izris in na\u010drtovanje zunanje ureditve objektov\"}]}]}<\/script>\n<!-- \/ Yoast SEO plugin. -->","yoast_head_json":{"title":"3D izris in na\u010drtovanje zunanje ureditve objektov - RENDERING OGK","robots":{"index":"index","follow":"follow","max-snippet":"max-snippet:-1","max-image-preview":"max-image-preview:large","max-video-preview":"max-video-preview:-1"},"canonical":"https:\/\/rendering-ogk.si\/?page_id=1681","og_locale":"sl_SI","og_type":"article","og_title":"3D izris in na\u010drtovanje zunanje ureditve objektov - RENDERING OGK","og_description":"Potek izvedbe Pri na\u010drtovanju izhajamo iz potreb po uporabnosti zunanjih povr\u0161in in \u017eeljene podobe objekta. Opredelimo namene posameznih delov, njihovo uporabo, klju\u010dne elemente in podobo ter jih harmoni\u010dno umestimo v prostor. 3D vizualizacija je pri tem nepogre\u0161ljiva. Z njo pridobimo jasno in nazorno predstavo o tem, kaj bomo z izvedbo celovite zunanje ureditve pridobili. Podlaga &hellip; Read more \"3D izris in na\u010drtovanje zunanje ureditve objektov\"","og_url":"https:\/\/rendering-ogk.si\/?page_id=1681","og_site_name":"RENDERING OGK","article_modified_time":"2021-09-02T07:59:54+00:00","og_image":[{"url":"http:\/\/rendering-ogk.si\/wp-content\/uploads\/2021\/09\/Prej-0-1024x696.png"}],"twitter_card":"summary_large_image","twitter_misc":{"Est. reading time":"1 minuta"},"schema":{"@context":"https:\/\/schema.org","@graph":[{"@type":"Organization","@id":"https:\/\/rendering-ogk.si\/#organization","name":"RENDERING OGK","url":"https:\/\/rendering-ogk.si\/","sameAs":[],"logo":{"@type":"ImageObject","inLanguage":"sl-SI","@id":"https:\/\/rendering-ogk.si\/#\/schema\/logo\/image\/","url":"https:\/\/rendering-ogk.si\/wp-content\/uploads\/2021\/09\/favicon-192x192-1.png","contentUrl":"https:\/\/rendering-ogk.si\/wp-content\/uploads\/2021\/09\/favicon-192x192-1.png","width":32,"height":32,"caption":"RENDERING OGK"},"image":{"@id":"https:\/\/rendering-ogk.si\/#\/schema\/logo\/image\/"}},{"@type":"WebSite","@id":"https:\/\/rendering-ogk.si\/#website","url":"https:\/\/rendering-ogk.si\/","name":"RENDERING OGK","description":"","publisher":{"@id":"https:\/\/rendering-ogk.si\/#organization"},"potentialAction":[{"@type":"SearchAction","target":{"@type":"EntryPoint","urlTemplate":"https:\/\/rendering-ogk.si\/?s={search_term_string}"},"query-input":"required name=search_term_string"}],"inLanguage":"sl-SI"},{"@type":"WebPage","@id":"https:\/\/rendering-ogk.si\/?page_id=1681","url":"https:\/\/rendering-ogk.si\/?page_id=1681","name":"3D izris in na\u010drtovanje zunanje ureditve objektov - RENDERING OGK","isPartOf":{"@id":"https:\/\/rendering-ogk.si\/#website"},"datePublished":"2021-09-02T07:28:11+00:00","dateModified":"2021-09-02T07:59:54+00:00","breadcrumb":{"@id":"https:\/\/rendering-ogk.si\/?page_id=1681#breadcrumb"},"inLanguage":"sl-SI","potentialAction":[{"@type":"ReadAction","target":["https:\/\/rendering-ogk.si\/?page_id=1681"]}]},{"@type":"BreadcrumbList","@id":"https:\/\/rendering-ogk.si\/?page_id=1681#breadcrumb","itemListElement":[{"@type":"ListItem","position":1,"name":"Home","item":"https:\/\/rendering-ogk.si\/"},{"@type":"ListItem","position":2,"name":"3D izris in na\u010drtovanje zunanje ureditve objektov"}]}]}},"_links":{"self":[{"href":"https:\/\/rendering-ogk.si\/index.php?rest_route=\/wp\/v2\/pages\/1681"}],"collection":[{"href":"https:\/\/rendering-ogk.si\/index.php?rest_route=\/wp\/v2\/pages"}],"about":[{"href":"https:\/\/rendering-ogk.si\/index.php?rest_route=\/wp\/v2\/types\/page"}],"author":[{"embeddable":true,"href":"https:\/\/rendering-ogk.si\/index.php?rest_route=\/wp\/v2\/users\/3"}],"replies":[{"embeddable":true,"href":"https:\/\/rendering-ogk.si\/index.php?rest_route=%2Fwp%2Fv2%2Fcomments&post=1681"}],"version-history":[{"count":22,"href":"https:\/\/rendering-ogk.si\/index.php?rest_route=\/wp\/v2\/pages\/1681\/revisions"}],"predecessor-version":[{"id":1761,"href":"https:\/\/rendering-ogk.si\/index.php?rest_route=\/wp\/v2\/pages\/1681\/revisions\/1761"}],"wp:attachment":[{"href":"https:\/\/rendering-ogk.si\/index.php?rest_route=%2Fwp%2Fv2%2Fmedia&parent=1681"}],"curies":[{"name":"wp","href":"https:\/\/api.w.org\/{rel}","templated":true}]}}